{"id":84,"date":"2014-03-14T00:17:44","date_gmt":"2014-03-13T22:17:44","guid":{"rendered":"http:\/\/xn--obertonflte-zfb.de\/wordpress\/?page_id=84"},"modified":"2018-05-18T09:50:12","modified_gmt":"2018-05-18T07:50:12","slug":"links","status":"publish","type":"page","link":"https:\/\/www.maxbrumbergflutes.eu\/de\/links\/","title":{"rendered":"Links"},"content":{"rendered":"<div id=\"pl-84\"  class=\"panel-layout\" ><div id=\"pg-84-0\"  class=\"panel-grid panel-no-style\" ><div id=\"pgc-84-0-0\"  class=\"panel-grid-cell\" ><div id=\"panel-84-0-0-0\" class=\"so-panel widget widget_text panel-first-child panel-last-child\" data-index=\"0\" >\t\t\t<div class=\"textwidget\">\n<p class=\"style2\">Befreundete Instrumentenbauer: <\/p>\n\n<a href=\"http:\/\/www.radgeige.de\" target=\"_blank\">Radgeige.de<\/a> - Drehleiern von Guido Falke <br \/>\n<a href=\"http:\/\/www.chikudo-bamboo-flutes.com\" target=\"_blank\">Atelier Chikudo<\/a> - Bambusfl\u00f6ten von Thomas Goulpeau <br \/>\n<a href=\"http:\/\/cosmicbow.com\" target=\"_blank\">Cosmicbow<\/a> - by Christopher Vila Monasterio <br \/>\n<a href=\"http:\/\/notedafrique.wordpress.com\/note-dafrique\/\" target=\"_blank\">Samuel Lares - note d'afrique<\/a> - Flute Peul, Kora & NGoni <br \/>\n<a href=\"http:\/\/www.uilleann-pipes.de\" target=\"_blank\">Rogge Uilleann Pipes<\/a> - Uilleann Pipes und Andere von Andreas Rogge <br \/>\n<a href=\"http:\/\/www.tetz-dudelsackbau.de\" target=\"_blank\">Tetz Dudelsackbau<\/a> - sch\u00f6ne Dudels\u00e4cke f\u00fcr anspruchsvolle Musiker <br \/>\n<a href=\"http:\/\/marktsackbau.de\" target=\"_blank\">Marktsackbau<\/a> - Markts\u00e4cke von Arno Eckhardt <br \/>\n<a href=\"http:\/\/www.dudelsackmanufaktur.de\" target=\"_blank\">Dudelsackmanufaktur Matthias Branschke<\/a> - Atelier f\u00fcr Dudelsackbau und Holzblasinstrumente <br \/>\n<a href=\"http:\/\/www.alice-dsl.net\/maultrommel\/maultr\/texte\/deumau2frame.htm\" target=\"_blank\">schluetter-trump<\/a> - Maultrommeln made in Germany, sehr gute Qualitaet! <br \/>\n<a href=\"http:\/\/www.trinoxsamoni-lutherie.fr\" target=\"_blank\">Trinox Samoni Lutherie<\/a> - Instrumentenbau f\u00fcr alte Seiten- und Windinstrumente<br \/>\n<a href=\"http:\/\/www.martin-praetorius.de\" target=\"_blank\">Martin Praetorius<\/a> - Atelier f\u00fcr historische Blasinstrumente <br \/>\n<a href=\"http:\/\/www.weissgerber-harfen.de\" target=\"_blank\">Wei\u00dfgerber Harfen<\/a> - Neubau und Restaurierung von Harfen <br \/>\n<a href=\"http:\/\/www.sievert-harps.de\" target=\"_blank\">Frank Sievert - Atelierwerkstatt<\/a> - Musikinstrumente und Klangkunstobjekte <br \/>\n<a href=\"http:\/\/http:\/\/www.goldklangschmie.de\" target=\"_blank\">Gold Klang Schmiede<\/a> - Artefakte Gold + Holz + Eisen + Stein <br \/>\n\n\n<p class=\"style2\">Bands<\/p>\n<a href=\"http:\/\/www.faune.de\" target=\"_blank\">Faun <\/a>- Pagan Folk Band mit Obertonfl\u00f6ten von mir <br \/>\n<a href=\"http:\/\/www.nataverne.com\" target=\"_blank\">Nataverne <\/a>- musique magique elfique pagan folk trad francais <br \/>\n<a href=\"http:\/\/www.triskilian.de\" target=\"_blank\">Triskilian <\/a>- medieval Folk <br \/>\n<a href=\"http:\/\/www.wald-kauz.de\" target=\"_blank\">Waldkautz <\/a>WALDKAUZ erz\u00e4hlt Geschichten und wandelt Gef\u00fchle in Melodien<br \/>\n<a href=\"http:\/\/www.starsounds.de\" target=\"_blank\">StarSoundsOrchestra<\/a> - Psychedelic Tribal Cosmic Planetary Trance Meditation<br \/>\n<a href=\"http:\/\/www.projectpan.de\" target=\"_blank\">ProjectPAN <\/a> - The Didjeridoo Cooperative! <br \/>\n<a href=\"http:\/\/www.alexmayer.at\" target=\"_blank\">Alex \"the Didj\" Mayer<\/a> - eine lebende \"groovebox\" \ud83d\ude09 <br \/>\n<a href=\"http:\/\/www.powerflute.ch\" target=\"_blank\">Powerflute.ch <\/a>- Sandro Friedrich:  Studiomusiker f\u00fcr viele Fl\u00f6ten der Welt <br \/>\n\n\n\n\n\n\n<p class=\"style2\">Klang<\/p>\n<a href=\"https:\/\/www.overtoneflute.fi\/home\" target=\"_blank\">overtoneflute.fi<\/a> - a great resource  and tutorial to play overtone flute, loads of melodies and notations <br \/>\n<a href=\"http:\/\/guimbardes.fr\" target=\"_blank\">guimbardes.fr<\/a> - webshop with a great selection of quality yaws-harps<br \/>\n<a href=\"http:\/\/www.oberton.org\" target=\"_blank\">Oberton<\/a> - Das Obertonzentrum im www von W.Saus<br \/>\n<a href=\"http:\/\/www.urwurz.de\" target=\"_blank\">Urwurz<\/a> - Mandalas Musik Runen und Naturzauber mit Didschai Od*Chi <br \/>\n<a href=\"http:\/\/www.spielleut.de\" target=\"_blank\">Spielleut.de<\/a> - Spielleut und mittelalterliche Musik, Blick lohnt sich! <br \/>\n<a href=\"http:\/\/www.palosanto.de\" target=\"_blank\">Palosanto<\/a> - Zauberhafte Kl\u00e4nge -Didj,Tabla,Oberton,S\u00e4ge, Flute u.a. <br \/>\n<a href=\"http:\/\/www.danmoi.de\" target=\"_blank\">DanMoi.de<\/a> - DIE Seite wenn ihr Maultrommeln aus aller Welt sucht.. <br \/>\n<a href=\"http:\/\/www.lereve-de-laborigene.net\/\" target=\"_blank\">Festival Le Reve de l'Aborigene<\/a> - sehr sch\u00f6nes Oberton-Festival in Frankreich<br \/>\n<a href=\"http:\/\/www.shrutibox.co.uk\/\" target=\"_blank\">shrutibox.co.uk<\/a> - sehr gute shruti boxen <br \/>\n<a href=\"http:\/\/www.planetware.de\" target=\"_blank\">Planetware<\/a> - Planetenton-Stimmgabeln und mehr... <br \/>\n<a href=\"http:\/\/www.klangrauschtreffen.de\/\" target=\"_blank\">KlangRauschTreffen<\/a> - feines familiaeres Folk und Ballfolk Treffen im Museumsdorf <br \/>\n<a href=\"http:\/\/www.ancient-trance.de\/\" target=\"_blank\">Ancient-Trance Festival<\/a> - ein wundervolles buntes Weltmusik Festival bei Leipzig<br \/>\n<a href=\"http:\/\/www.hangklang.de\" target=\"_blank\">Hangklang<\/a> - Hangklangs Klangraum von Rolf M\u00f6nnighoff<br \/>\n\n\n\n<p class=\"style2\">und mehr... <\/p>\n<a href=\"http:\/\/www.brandt-satz.de\"  target=\"_blank\">brandt-satz.de<\/a> - Mediengestalter, K\u00fcnstler und Dorfmusiker Mario Brandt \n<a href=\"http:\/\/www.externstein.de\" target=\"_blank\">Externsteine<\/a> - Sch\u00f6ne Bilder und Info zu dem alten Kraftort im Teutoburger Wald <br \/>\n\n<a href=\"http:\/\/www.las-alas-poi.com\/\" target=\"_blank\">Las-Alas Poi <\/a> - Entdeckt die au\u00dfergew\u00f6hnlche Vielfalt von Las-Alas Poi<br \/>\n<a href=\"http:\/\/www.lunas-crepes.ch\" target=\"_blank\">Lunas Crepes <\/a> - Lunarisch gute Crepes f\u00fcr Festivals und Anl\u00e4sse und Catering... <br \/>\n<a href=\"http:\/\/www.drachenmuehle.de\" target=\"_blank\">Drachenm\u00fchle<\/a> - Regenbogenfamilie und Spezialisten f\u00fcr Kra\u00fcter, Tee und Leckereinen<br \/>\n<a href=\"http:\/\/www.imag-e-ine.de\" target=\"_blank\">www.imag-e-ine.de<\/a> - Felix Mayrl <br \/>\n<a href=\"http:\/\/www.feinewerkzeuge.de\" target=\"_blank\">Feine Werkzeuge.de<\/a> - Der Shop f\u00fcr Werkzeuge und seltene Bohrer von Dieter Schmid<br \/>\n<a href=\"http:\/\/www.celestinecommunity.de\" target=\"_blank\">celestinecommunity.de<\/a> - DIE offizielle Seite \u00fcber die Prophezeiungen von Celestine<br \/>\n<a href=\"http:\/\/www.fudala.org\/\" target=\"_blank\">Fudala.org<\/a> - the art of t. m. fudala<br \/>\n<a href=\"http:\/\/Gabriele-amulette.jimdo.com\/\" target=\"_blank\">Baumgeister-Amulette<\/a> - handgefertigte Amulette von Gabriele Darmas<br \/>\n<a href=\"http:\/\/www.angelika-winz.de\/\" target=\"_blank\">Angelika Maria Winz Astrologin<\/a> I Astrokartografie, Reiseastrologie, Standortastrologie, Jahrestrends, Pers\u00f6nlichkeitsanalyse, Zukunftsprognosen, Horoskope.<br \/>\n\n<\/div>\n\t\t<\/div><\/div><\/div><\/div>","protected":false},"excerpt":{"rendered":"<p>Befreundete Instrumentenbauer: Radgeige.de &#8211; Drehleiern von Guido Falke Atelier Chikudo &#8211; Bambusfl\u00f6ten von Thomas Goulpeau Cosmicbow &#8211; by Christopher Vila Monasterio Samuel Lares &#8211; note d&#8217;afrique &#8211; Flute Peul, Kora &#038; NGoni Rogge Uilleann Pipes &#8211; Uilleann Pipes und Andere von Andreas Rogge Tetz Dudelsackbau &#8211; sch\u00f6ne Dudels\u00e4cke f\u00fcr anspruchsvolle Musiker Marktsackbau &#8211; Markts\u00e4cke von [&hellip;]<\/p>\n","protected":false},"author":1,"featured_media":0,"parent":0,"menu_order":0,"comment_status":"closed","ping_status":"closed","template":"templates\/template-full.php","meta":{"footnotes":""},"class_list":["post-84","page","type-page","status-publish","hentry","post"],"aioseo_notices":[],"_links":{"self":[{"href":"https:\/\/www.maxbrumbergflutes.eu\/de\/wp-json\/wp\/v2\/pages\/84","targetHints":{"allow":["GET"]}}],"collection":[{"href":"https:\/\/www.maxbrumbergflutes.eu\/de\/wp-json\/wp\/v2\/pages"}],"about":[{"href":"https:\/\/www.maxbrumbergflutes.eu\/de\/wp-json\/wp\/v2\/types\/page"}],"author":[{"embeddable":true,"href":"https:\/\/www.maxbrumbergflutes.eu\/de\/wp-json\/wp\/v2\/users\/1"}],"replies":[{"embeddable":true,"href":"https:\/\/www.maxbrumbergflutes.eu\/de\/wp-json\/wp\/v2\/comments?post=84"}],"version-history":[{"count":0,"href":"https:\/\/www.maxbrumbergflutes.eu\/de\/wp-json\/wp\/v2\/pages\/84\/revisions"}],"wp:attachment":[{"href":"https:\/\/www.maxbrumbergflutes.eu\/de\/wp-json\/wp\/v2\/media?parent=84"}],"curies":[{"name":"wp","href":"https:\/\/api.w.org\/{rel}","templated":true}]}}