{"id":54,"date":"2014-03-13T23:50:07","date_gmt":"2014-03-13T21:50:07","guid":{"rendered":"http:\/\/xn--obertonflte-zfb.de\/wordpress\/?page_id=54"},"modified":"2017-12-05T20:46:42","modified_gmt":"2017-12-05T18:46:42","slug":"werkzeug","status":"publish","type":"page","link":"https:\/\/www.maxbrumbergflutes.eu\/de\/werkstatt\/werkzeug\/","title":{"rendered":"Werkzeug \/ Arbeitsraum"},"content":{"rendered":"<div id=\"pl-54\"  class=\"panel-layout\" ><div id=\"pg-54-0\"  class=\"panel-grid panel-no-style\" ><div id=\"pgc-54-0-0\"  class=\"panel-grid-cell\" ><div id=\"panel-54-0-0-0\" class=\"so-panel widget widget_text panel-first-child panel-last-child\" data-index=\"0\" ><h3 class=\"widget-title\">Bilder und ein kurzer Film sagen mehr als viele Worte<\/h3>\t\t\t<div class=\"textwidget\"><!-- Final Tiles Grid Gallery for WordPress v3.6.13 free -->\n\n<style>\n#ftg-99 .tile .icon { color:#ffffff; }\n#ftg-99 .ftg-items .loading-bar i { background:#fff; }\n#ftg-99 .ftg-items .loading-bar { background:#fff; }\n#ftg-99 .tile .icon { font-size:12px; }\n#ftg-99 .tile .icon { margin: -6px 0 0 -6px; }\n#ftg-99 .tile .caption-block .text-wrapper span.text { font-size:12px; }\n#ftg-99 .tile .caption-outside .text-wrapper span.text { font-size:12px; }\n#ftg-99 .tile .caption-block .text-wrapper span.title { font-size:14px; }\n#ftg-99 .tile .caption-outside .text-wrapper span.title { font-size:14px; }\n#ftg-99 .tile { background-color: transparent; }\n#ftg-99 .tile .caption-block .text-wrapper span.text { color: #ffffff; }\n#ftg-99 .tile .caption-block .text-wrapper span.title { color: #ffffff; }\n#ftg-99 .tile .caption-outside .text-wrapper span.text { color: #ffffff; }\n#ftg-99 .tile .caption-outside .text-wrapper span.title { color: #ffffff; }\n#ftg-99 .tile .ftg-social a { color: #ffffff; }\n#ftg-99 .tile .caption-block { transition-timing-function:linear; }\n#ftg-99 .tile .caption-block { transition-duration:0.25s; }\n#ftg-99 .tile .tile-inner:before { background-color: #000000; }\n#ftg-99 .tile .tile-inner:before { background-color: rgba(0, 0, 0, 0.8); }\n#ftg-99 .tile:hover img {\n\t-moz-transform: -moz-scale(1.4) ;\n\t-webkit-transform: -webkit-scale(1.4) ;\n\t-o-transform: -o-scale(1.4) ;\n\t-ms-transform: -ms-scale(1.4) ;\n\ttransform: scale(1.4) ;\n}\n<\/style>\n<a name=\"9\"><\/a><div class=\"final-tiles-gallery   caption-inside  caption-none caption-top caption-center\" id=\"ftg-99\" style=\"width: 100%\">\n<div class='ftg-items'>\n<div  class='tile ftg-preload  '>\n<a title=\"Fl\u00f6ten im Licht\"  rel='ftg-99'  class=' tile-inner  ftg-lightbox' href='https:\/\/www.maxbrumbergflutes.eu\/wp-content\/uploads\/lights-and-flutes.jpg' >\n<img alt='Fl\u00f6ten im Licht' class='item skip-lazy' data-class='item' data-ftg-source='https:\/\/www.maxbrumbergflutes.eu\/wp-content\/uploads\/lights-and-flutes-225x300.jpg' src='https:\/\/www.maxbrumbergflutes.eu\/wp-content\/uploads\/lights-and-flutes-225x300.jpg' width='225' height='300' \/>\n\t<span class='icon fa fa-search'><\/span>\n<div class='caption-block'>\n\t<div class='text-wrapper'>\n<span class='title'>Fl\u00f6ten im Licht<\/span>\n\t<span class='text'>Fl\u00f6ten im Licht<\/span>\n\t<\/div>\n<\/div>\n<\/a>\n<div class='ftg-social'>\n<\/div>\n<\/div>\n<div  class='tile ftg-preload  '>\n<a title=\"Arbeit am Labium\"  rel='ftg-99'  class=' tile-inner  ftg-lightbox' href='https:\/\/www.maxbrumbergflutes.eu\/wp-content\/uploads\/working-the-fipple-1024x672.jpg' >\n<img alt='Arbeit am Labium' class='item skip-lazy' data-class='item' data-ftg-source='https:\/\/www.maxbrumbergflutes.eu\/wp-content\/uploads\/working-the-fipple-300x197.jpg' src='https:\/\/www.maxbrumbergflutes.eu\/wp-content\/uploads\/working-the-fipple-300x197.jpg' width='300' height='197' \/>\n\t<span class='icon fa fa-search'><\/span>\n<div class='caption-block'>\n\t<div class='text-wrapper'>\n<span class='title'>Arbeit am Labium<\/span>\n\t<span class='text'>Arbeit am Labium<\/span>\n\t<\/div>\n<\/div>\n<\/a>\n<div class='ftg-social'>\n<\/div>\n<\/div>\n<div  class='tile ftg-preload  '>\n<a title=\"Fl\u00f6tenwald\"  rel='ftg-99'  class=' tile-inner  ftg-lightbox' href='https:\/\/www.maxbrumbergflutes.eu\/wp-content\/uploads\/fluteforest-768x1024.jpg' >\n<img alt='Fl\u00f6tenwald' class='item skip-lazy' data-class='item' data-ftg-source='https:\/\/www.maxbrumbergflutes.eu\/wp-content\/uploads\/fluteforest-225x300.jpg' src='https:\/\/www.maxbrumbergflutes.eu\/wp-content\/uploads\/fluteforest-225x300.jpg' width='225' height='300' \/>\n\t<span class='icon fa fa-search'><\/span>\n<div class='caption-block'>\n\t<div class='text-wrapper'>\n<span class='title'>Fl\u00f6tenwald<\/span>\n\t<span class='text'>Fl\u00f6tenwald<\/span>\n\t<\/div>\n<\/div>\n<\/a>\n<div class='ftg-social'>\n<\/div>\n<\/div>\n<div  class='tile ftg-preload  '>\n<a title=\"in der Werkstatt\"  rel='ftg-99'  class=' tile-inner  ftg-lightbox' href='https:\/\/www.maxbrumbergflutes.eu\/wp-content\/uploads\/max-flutemaking-1024x683.jpg' >\n<img alt='in der Werkstatt' class='item skip-lazy' data-class='item' data-ftg-source='https:\/\/www.maxbrumbergflutes.eu\/wp-content\/uploads\/max-flutemaking-300x200.jpg' src='https:\/\/www.maxbrumbergflutes.eu\/wp-content\/uploads\/max-flutemaking-300x200.jpg' width='300' height='200' \/>\n\t<span class='icon fa fa-search'><\/span>\n<div class='caption-block'>\n\t<div class='text-wrapper'>\n<span class='title'>in der Werkstatt<\/span>\n\t<span class='text'>in der Werkstatt<\/span>\n\t<\/div>\n<\/div>\n<\/a>\n<div class='ftg-social'>\n<\/div>\n<\/div>\n<div  class='tile ftg-preload  '>\n<a title=\"Tonl\u00f6cher Bohren\"  rel='ftg-99'  class=' tile-inner  ftg-lightbox' href='https:\/\/www.maxbrumbergflutes.eu\/wp-content\/uploads\/fingerholedrilling-1024x684.jpg' >\n<img alt='Tonl\u00f6cher Bohren' class='item skip-lazy' data-class='item' data-ftg-source='https:\/\/www.maxbrumbergflutes.eu\/wp-content\/uploads\/fingerholedrilling-300x300.jpg' src='https:\/\/www.maxbrumbergflutes.eu\/wp-content\/uploads\/fingerholedrilling-300x300.jpg' width='1200' height='801' \/>\n\t<span class='icon fa fa-search'><\/span>\n<div class='caption-block'>\n\t<div class='text-wrapper'>\n<span class='title'>Tonl\u00f6cher Bohren<\/span>\n\t<span class='text'>Tonl\u00f6cher Bohren<\/span>\n\t<\/div>\n<\/div>\n<\/a>\n<div class='ftg-social'>\n<\/div>\n<\/div>\n<div  class='tile ftg-preload  '>\n<a title=\"Werkzeuge an der Wand\"  rel='ftg-99'  class=' tile-inner  ftg-lightbox' href='https:\/\/www.maxbrumbergflutes.eu\/wp-content\/uploads\/tools-768x1024.jpg' >\n<img alt='Werkzeuge an der Wand' class='item skip-lazy' data-class='item' data-ftg-source='https:\/\/www.maxbrumbergflutes.eu\/wp-content\/uploads\/tools-225x300.jpg' src='https:\/\/www.maxbrumbergflutes.eu\/wp-content\/uploads\/tools-225x300.jpg' width='225' height='300' \/>\n\t<span class='icon fa fa-search'><\/span>\n<div class='caption-block'>\n\t<div class='text-wrapper'>\n<span class='title'>Werkzeuge an der Wand<\/span>\n\t<span class='text'>Werkzeuge an der Wand<\/span>\n\t<\/div>\n<\/div>\n<\/a>\n<div class='ftg-social'>\n<\/div>\n<\/div>\n<div  class='tile ftg-preload  '>\n<a title=\"Holunder wird gebohrt\"  rel='ftg-99'  class=' tile-inner  ftg-lightbox' href='https:\/\/www.maxbrumbergflutes.eu\/wp-content\/uploads\/drilling-the-elderflute-1024x684.jpg' >\n<img alt='Holunder wird gebohrt' class='item skip-lazy' data-class='item' data-ftg-source='https:\/\/www.maxbrumbergflutes.eu\/wp-content\/uploads\/drilling-the-elderflute-436x272.jpg' src='https:\/\/www.maxbrumbergflutes.eu\/wp-content\/uploads\/drilling-the-elderflute-436x272.jpg' width='436' height='272' \/>\n\t<span class='icon fa fa-search'><\/span>\n<div class='caption-block'>\n\t<div class='text-wrapper'>\n<span class='title'>Holunder wird gebohrt<\/span>\n\t<span class='text'>Holunder wird gebohrt<\/span>\n\t<\/div>\n<\/div>\n<\/a>\n<div class='ftg-social'>\n<\/div>\n<\/div>\n<div  class='tile ftg-preload  '>\n<a title=\"Bohrer f\u00fcr die Tonl\u00f6cher\"  rel='ftg-99'  class=' tile-inner  ftg-lightbox' href='https:\/\/www.maxbrumbergflutes.eu\/wp-content\/uploads\/sharp-drills.jpg' >\n<img alt='Bohrer f\u00fcr die Tonl\u00f6cher' class='item skip-lazy' data-class='item' data-ftg-source='https:\/\/www.maxbrumbergflutes.eu\/wp-content\/uploads\/sharp-drills-300x225.jpg' src='https:\/\/www.maxbrumbergflutes.eu\/wp-content\/uploads\/sharp-drills-300x225.jpg' width='300' height='225' \/>\n\t<span class='icon fa fa-search'><\/span>\n<div class='caption-block'>\n\t<div class='text-wrapper'>\n<span class='title'>Bohrer f\u00fcr die Tonl\u00f6cher<\/span>\n\t<span class='text'>Bohrer f\u00fcr die Tonl\u00f6cher<\/span>\n\t<\/div>\n<\/div>\n<\/a>\n<div class='ftg-social'>\n<\/div>\n<\/div>\n<div  class='tile ftg-preload  '>\n<a title=\"Holunderholz f\u00fcr den Fl\u00f6tenbau\"  rel='ftg-99'  class=' tile-inner  ftg-lightbox' href='https:\/\/www.maxbrumbergflutes.eu\/wp-content\/uploads\/elderlight-1024x768.jpg' >\n<img alt='Holunderholz f\u00fcr den Fl\u00f6tenbau' class='item skip-lazy' data-class='item' data-ftg-source='https:\/\/www.maxbrumbergflutes.eu\/wp-content\/uploads\/elderlight-300x225.jpg' src='https:\/\/www.maxbrumbergflutes.eu\/wp-content\/uploads\/elderlight-300x225.jpg' width='300' height='225' \/>\n\t<span class='icon fa fa-search'><\/span>\n<div class='caption-block'>\n\t<div class='text-wrapper'>\n<span class='title'>Holunderholz f\u00fcr den Fl\u00f6tenbau<\/span>\n\t<span class='text'>Holunderholz f\u00fcr den Fl\u00f6tenbau<\/span>\n\t<\/div>\n<\/div>\n<\/a>\n<div class='ftg-social'>\n<\/div>\n<\/div>\n<div  class='tile ftg-preload  '>\n<a title=\"antike Schnecken-Bohrer\"  rel='ftg-99'  class=' tile-inner  ftg-lightbox' href='https:\/\/www.maxbrumbergflutes.eu\/wp-content\/uploads\/ancient-drill.jpg' >\n<img alt='antike Schnecken-Bohrer' class='item skip-lazy' data-class='item' data-ftg-source='https:\/\/www.maxbrumbergflutes.eu\/wp-content\/uploads\/ancient-drill-300x200.jpg' src='https:\/\/www.maxbrumbergflutes.eu\/wp-content\/uploads\/ancient-drill-300x200.jpg' width='300' height='200' \/>\n\t<span class='icon fa fa-search'><\/span>\n<div class='caption-block'>\n\t<div class='text-wrapper'>\n<span class='title'>antike Schnecken-Bohrer<\/span>\n\t<span class='text'>antike Schnecken-Bohrer<\/span>\n\t<\/div>\n<\/div>\n<\/a>\n<div class='ftg-social'>\n<\/div>\n<\/div>\n<div  class='tile ftg-preload  '>\n<a title=\"Fl\u00f6ten im \u00d6lbad\"  rel='ftg-99'  class=' tile-inner  ftg-lightbox' href='https:\/\/www.maxbrumbergflutes.eu\/wp-content\/uploads\/Flutes-in-Oil-768x1024.jpg' >\n<img alt='Fl\u00f6ten im \u00d6lbad' class='item skip-lazy' data-class='item' data-ftg-source='https:\/\/www.maxbrumbergflutes.eu\/wp-content\/uploads\/Flutes-in-Oil-225x300.jpg' src='https:\/\/www.maxbrumbergflutes.eu\/wp-content\/uploads\/Flutes-in-Oil-225x300.jpg' width='225' height='300' \/>\n\t<span class='icon fa fa-search'><\/span>\n<div class='caption-block'>\n\t<div class='text-wrapper'>\n<span class='title'>Fl\u00f6ten im \u00d6lbad<\/span>\n\t<span class='text'>Fl\u00f6ten im \u00d6lbad<\/span>\n\t<\/div>\n<\/div>\n<\/a>\n<div class='ftg-social'>\n<\/div>\n<\/div>\n<div  class='tile ftg-preload  '>\n<a title=\"Korken\"  rel='ftg-99'  class=' tile-inner  ftg-lightbox' href='https:\/\/www.maxbrumbergflutes.eu\/wp-content\/uploads\/korks-1024x768.jpg' >\n<img alt='Korken' class='item skip-lazy' data-class='item' data-ftg-source='https:\/\/www.maxbrumbergflutes.eu\/wp-content\/uploads\/korks-300x225.jpg' src='https:\/\/www.maxbrumbergflutes.eu\/wp-content\/uploads\/korks-300x225.jpg' width='300' height='225' \/>\n\t<span class='icon fa fa-search'><\/span>\n<div class='caption-block'>\n\t<div class='text-wrapper'>\n<span class='title'>Korken<\/span>\n\t<span class='text'>Korken<\/span>\n\t<\/div>\n<\/div>\n<\/a>\n<div class='ftg-social'>\n<\/div>\n<\/div>\n<div  class='tile ftg-preload  '>\n<a title=\"Geigenbauer Hobel\"  rel='ftg-99'  class=' tile-inner  ftg-lightbox' href='https:\/\/www.maxbrumbergflutes.eu\/wp-content\/uploads\/plainer-1024x683.jpg' >\n<img alt='Geigenbauer Hobel' class='item skip-lazy' data-class='item' data-ftg-source='https:\/\/www.maxbrumbergflutes.eu\/wp-content\/uploads\/plainer-436x272.jpg' src='https:\/\/www.maxbrumbergflutes.eu\/wp-content\/uploads\/plainer-436x272.jpg' width='436' height='272' \/>\n\t<span class='icon fa fa-search'><\/span>\n<div class='caption-block'>\n\t<div class='text-wrapper'>\n<span class='title'>Geigenbauer Hobel<\/span>\n\t<span class='text'>Geigenbauer Hobel<\/span>\n\t<\/div>\n<\/div>\n<\/a>\n<div class='ftg-social'>\n<\/div>\n<\/div>\n<div  class='tile ftg-preload  '>\n<a title=\"une fl\u00fbte en travaille\"  rel='ftg-99'  class=' tile-inner  ftg-lightbox' href='' >\n<img alt='une fl\u00fbte en travaille' class='item skip-lazy' data-class='item' data-ftg-source='https:\/\/www.maxbrumbergflutes.eu\/wp-content\/uploads\/resting-to-be-continued-300x225.jpg' src='https:\/\/www.maxbrumbergflutes.eu\/wp-content\/uploads\/resting-to-be-continued-300x225.jpg' width='auto' height='auto' \/>\n\t<span class='icon fa fa-search'><\/span>\n<div class='caption-block'>\n\t<div class='text-wrapper'>\n<span class='title'>une fl\u00fbte en travaille<\/span>\n\t<span class='text'>une fl\u00fbte en travaille<\/span>\n\t<\/div>\n<\/div>\n<\/a>\n<div class='ftg-social'>\n<\/div>\n<\/div>\n<div  class='tile ftg-preload  '>\n<a title=\"Temperatur ist wichtig zum Stimmen\"  rel='ftg-99'  class=' tile-inner  ftg-lightbox' href='https:\/\/www.maxbrumbergflutes.eu\/wp-content\/uploads\/flutes-and-teperature-768x1024.jpg' >\n<img alt='Temperatur ist wichtig zum Stimmen' class='item skip-lazy' data-class='item' data-ftg-source='https:\/\/www.maxbrumbergflutes.eu\/wp-content\/uploads\/flutes-and-teperature-225x300.jpg' src='https:\/\/www.maxbrumbergflutes.eu\/wp-content\/uploads\/flutes-and-teperature-225x300.jpg' width='225' height='300' \/>\n\t<span class='icon fa fa-search'><\/span>\n<div class='caption-block'>\n\t<div class='text-wrapper'>\n<span class='title'>Temperatur ist wichtig zum Stimmen<\/span>\n\t<span class='text'>Temperatur ist wichtig zum Stimmen<\/span>\n\t<\/div>\n<\/div>\n<\/a>\n<div class='ftg-social'>\n<\/div>\n<\/div>\n<\/div>\n<\/div>\n\n<\/div>\n\t\t<\/div><\/div><\/div><div id=\"pg-54-1\"  class=\"panel-grid panel-no-style\" ><div id=\"pgc-54-1-0\"  class=\"panel-grid-cell\" ><div id=\"panel-54-1-0-0\" class=\"so-panel widget widget_sow-video panel-first-child panel-last-child\" data-index=\"1\" ><div\n\t\t\t\n\t\t\tclass=\"so-widget-sow-video so-widget-sow-video-default-c08170c47cfb-54\"\n\t\t\t\n\t\t>\n<div class=\"sow-video-wrapper\n\">\n\t\t\t<video\n\t\t\tid=\"sow-player-1\" class=\"sow-video-widget\" preload=\"auto\" style=\"width:100%;height:100%;\" controls \t\t>\n\t\t\t\t\t\t\t<source type=\"\" src=\"https:\/\/youtu.be\/5b1P-C8QrZE\"\/>\n\t\t\t\t\t<\/video>\n\t<\/div>\n<\/div><\/div><\/div><\/div><\/div>","protected":false},"excerpt":{"rendered":"<p>Bilder und ein kurzer Film sagen mehr als viele Worte Fl\u00f6ten im Licht Fl\u00f6ten im Licht Arbeit am Labium Arbeit am Labium Fl\u00f6tenwald Fl\u00f6tenwald in der Werkstatt in der Werkstatt Tonl\u00f6cher Bohren Tonl\u00f6cher Bohren Werkzeuge an der Wand Werkzeuge an der Wand Holunder wird gebohrt Holunder wird gebohrt Bohrer f\u00fcr die Tonl\u00f6cher Bohrer f\u00fcr die [&hellip;]<\/p>\n","protected":false},"author":1,"featured_media":0,"parent":50,"menu_order":0,"comment_status":"closed","ping_status":"open","template":"templates\/template-full.php","meta":{"footnotes":""},"class_list":["post-54","page","type-page","status-publish","hentry","post"],"aioseo_notices":[],"_links":{"self":[{"href":"https:\/\/www.maxbrumbergflutes.eu\/de\/wp-json\/wp\/v2\/pages\/54","targetHints":{"allow":["GET"]}}],"collection":[{"href":"https:\/\/www.maxbrumbergflutes.eu\/de\/wp-json\/wp\/v2\/pages"}],"about":[{"href":"https:\/\/www.maxbrumbergflutes.eu\/de\/wp-json\/wp\/v2\/types\/page"}],"author":[{"embeddable":true,"href":"https:\/\/www.maxbrumbergflutes.eu\/de\/wp-json\/wp\/v2\/users\/1"}],"replies":[{"embeddable":true,"href":"https:\/\/www.maxbrumbergflutes.eu\/de\/wp-json\/wp\/v2\/comments?post=54"}],"version-history":[{"count":0,"href":"https:\/\/www.maxbrumbergflutes.eu\/de\/wp-json\/wp\/v2\/pages\/54\/revisions"}],"up":[{"embeddable":true,"href":"https:\/\/www.maxbrumbergflutes.eu\/de\/wp-json\/wp\/v2\/pages\/50"}],"wp:attachment":[{"href":"https:\/\/www.maxbrumbergflutes.eu\/de\/wp-json\/wp\/v2\/media?parent=54"}],"curies":[{"name":"wp","href":"https:\/\/api.w.org\/{rel}","templated":true}]}}