{"id":4056,"date":"2014-10-09T18:46:37","date_gmt":"2014-10-09T16:46:37","guid":{"rendered":"https:\/\/www.maxbrumbergflutes.eu\/?page_id=4056"},"modified":"2025-02-10T15:14:04","modified_gmt":"2025-02-10T13:14:04","slug":"floete-bestellen","status":"publish","type":"page","link":"https:\/\/www.maxbrumbergflutes.eu\/de\/floete-bestellen\/","title":{"rendered":"Fl\u00f6te bestellen"},"content":{"rendered":"<div id=\"pl-4056\"  class=\"panel-layout\" ><div id=\"pg-4056-0\"  class=\"panel-grid panel-no-style\" ><div id=\"pgc-4056-0-0\"  class=\"panel-grid-cell\" ><div id=\"panel-4056-0-0-0\" class=\"so-panel widget widget_text panel-first-child panel-last-child\" data-index=\"0\" ><h3 class=\"widget-title\">Wie bestellen Sie eine Fl\u00f6te?<\/h3>\t\t\t<div class=\"textwidget\"><p>Senden Sie mir eine Anfrage zu ihrer Wunschfl\u00f6te mit Hilfe meines Kontaktformulars, siehe unten.<\/p>\n<p>Wenn Sie nicht genau wissen wie die Fl\u00f6te sein soll berate ich Sie gerne.<\/p>\n<p>Einige Fl\u00f6ten habe ich auf Lager, ansonsten baue ich nach Ihrem Wunsch. Die aktuellen Lieferzeiten teile ich Ihnen gerne mit.<\/p>\n<p>Eine aktuelle Preisliste sende ich Ihnen auf Anfrage gerne zu. <\/p>\n<p>Die Bezahlung erfolgt per \u00dcberweisung auf mein Konto oder per Paypal (zzgl. PP-Geb\u00fchr)<\/p>\n<\/div>\n\t\t<\/div><\/div><div id=\"pgc-4056-0-1\"  class=\"panel-grid-cell\" ><div id=\"panel-4056-0-1-0\" class=\"so-panel widget widget_sow-image panel-first-child panel-last-child\" data-index=\"1\" ><div\n\t\t\t\n\t\t\tclass=\"so-widget-sow-image so-widget-sow-image-default-dbf295114b96-4056\"\n\t\t\t\n\t\t>\n<div class=\"sow-image-container\">\n\t\t\t<a href=\"https:\/\/www.maxbrumbergflutes.eu\/wp-content\/uploads\/Flutes-und-Span.jpg\"\n\t\t\t\t\t>\n\t\t\t<img \n\tsrc=\"https:\/\/www.maxbrumbergflutes.eu\/wp-content\/uploads\/Flutes-und-Span.jpg\" width=\"1200\" height=\"800\" srcset=\"https:\/\/www.maxbrumbergflutes.eu\/wp-content\/uploads\/Flutes-und-Span.jpg 1200w, https:\/\/www.maxbrumbergflutes.eu\/wp-content\/uploads\/Flutes-und-Span-600x400.jpg 600w, https:\/\/www.maxbrumbergflutes.eu\/wp-content\/uploads\/Flutes-und-Span-300x200.jpg 300w, https:\/\/www.maxbrumbergflutes.eu\/wp-content\/uploads\/Flutes-und-Span-768x512.jpg 768w, https:\/\/www.maxbrumbergflutes.eu\/wp-content\/uploads\/Flutes-und-Span-1024x683.jpg 1024w, https:\/\/www.maxbrumbergflutes.eu\/wp-content\/uploads\/Flutes-und-Span-272x182.jpg 272w\" sizes=\"(max-width: 1200px) 100vw, 1200px\" title=\"Fl\u00f6ten und Hollersp\u00e4ne\" alt=\"Fl\u00f6ten und Hollersp\u00e4ne\" \t\tclass=\"so-widget-image\"\/>\n\t\t\t<\/a><\/div>\n\n<\/div><\/div><\/div><\/div><div id=\"pg-4056-1\"  class=\"panel-grid panel-no-style\" ><div id=\"pgc-4056-1-0\"  class=\"panel-grid-cell\" ><div id=\"panel-4056-1-0-0\" class=\"so-panel widget widget_text panel-first-child panel-last-child\" data-index=\"2\" ><h3 class=\"widget-title\">Einige Kriterien die zur Auswahl stehen<\/h3>\t\t\t<div class=\"textwidget\"><p>&#8211; Art der Fl\u00f6te (Obertonfl\u00f6te, Fujara, Kaval)<br \/>\n&#8211; Tonlage \/ L\u00e4nge (siehe Preisliste)<br \/>\n&#8211; bei Obertonfl\u00f6ten der Klangcharakter (voll, kr\u00e4ftig, fein, zart, windig)<br \/>\n&#8211; Oberfl\u00e4che natur oder gebeizt<br \/>\n&#8211; Erscheinung der Fl\u00f6te eher schlicht, gerade oder mit nat\u00fcrlichen Formen, Astknorzeln etc.<br \/>\n&#8211; Sonderw\u00fcnsche (z.B. l\u00e4ngeres Anblasrohr bei der Fujara, Oberfl\u00e4che nur mit \u00d6l behandelt\u2026)<\/p>\n<\/div>\n\t\t<\/div><\/div><div id=\"pgc-4056-1-1\"  class=\"panel-grid-cell\" ><div id=\"panel-4056-1-1-0\" class=\"so-panel widget widget_sow-image panel-first-child panel-last-child\" data-index=\"3\" ><div\n\t\t\t\n\t\t\tclass=\"so-widget-sow-image so-widget-sow-image-default-dbf295114b96-4056\"\n\t\t\t\n\t\t>\n<div class=\"sow-image-container\">\n\t\t\t<a href=\"https:\/\/www.maxbrumbergflutes.eu\/wp-content\/uploads\/fluteforest.jpg\"\n\t\t\t\t\t>\n\t\t\t<img \n\tsrc=\"https:\/\/www.maxbrumbergflutes.eu\/wp-content\/uploads\/fluteforest.jpg\" width=\"960\" height=\"1280\" srcset=\"https:\/\/www.maxbrumbergflutes.eu\/wp-content\/uploads\/fluteforest.jpg 960w, https:\/\/www.maxbrumbergflutes.eu\/wp-content\/uploads\/fluteforest-600x800.jpg 600w, https:\/\/www.maxbrumbergflutes.eu\/wp-content\/uploads\/fluteforest-225x300.jpg 225w, https:\/\/www.maxbrumbergflutes.eu\/wp-content\/uploads\/fluteforest-768x1024.jpg 768w\" sizes=\"(max-width: 960px) 100vw, 960px\" title=\"Fl\u00f6ten nach Ihrem Wunsch\" alt=\"Fl\u00f6ten nach Ihrem Wunsch\" \t\tclass=\"so-widget-image\"\/>\n\t\t\t<\/a><\/div>\n\n<\/div><\/div><\/div><\/div><div id=\"pg-4056-2\"  class=\"panel-grid panel-no-style\" ><div id=\"pgc-4056-2-0\"  class=\"panel-grid-cell\" ><div id=\"panel-4056-2-0-0\" class=\"so-panel widget widget_text panel-first-child panel-last-child\" data-index=\"4\" >\t\t\t<div class=\"textwidget\">\n<div class=\"wpcf7 no-js\" id=\"wpcf7-f4507-o1\" lang=\"de-DE\" dir=\"ltr\" data-wpcf7-id=\"4507\">\n<div class=\"screen-reader-response\"><p role=\"status\" aria-live=\"polite\" aria-atomic=\"true\"><\/p> <ul><\/ul><\/div>\n<form action=\"\/de\/wp-json\/wp\/v2\/pages\/4056#wpcf7-f4507-o1\" method=\"post\" class=\"wpcf7-form init\" aria-label=\"Kontaktformular\" novalidate=\"novalidate\" data-status=\"init\">\n<fieldset class=\"hidden-fields-container\"><input type=\"hidden\" name=\"_wpcf7\" value=\"4507\" \/><input type=\"hidden\" name=\"_wpcf7_version\" value=\"6.1.5\" \/><input type=\"hidden\" name=\"_wpcf7_locale\" value=\"de_DE\" \/><input type=\"hidden\" name=\"_wpcf7_unit_tag\" value=\"wpcf7-f4507-o1\" \/><input type=\"hidden\" name=\"_wpcf7_container_post\" value=\"0\" \/><input type=\"hidden\" name=\"_wpcf7_posted_data_hash\" value=\"\" \/>\n<\/fieldset>\n<p>Name *\n<\/p>\n<p><span class=\"wpcf7-form-control-wrap\" data-name=\"your-name\"><input size=\"40\" maxlength=\"400\" class=\"wpcf7-form-control wpcf7-text wpcf7-validates-as-required\" aria-required=\"true\" aria-invalid=\"false\" placeholder=\"Vorname\" value=\"\" type=\"text\" name=\"your-name\" \/><\/span>\n<\/p>\n<p><span class=\"wpcf7-form-control-wrap\" data-name=\"your-lastname\"><input size=\"40\" maxlength=\"400\" class=\"wpcf7-form-control wpcf7-text wpcf7-validates-as-required\" aria-required=\"true\" aria-invalid=\"false\" placeholder=\"Nachname\" value=\"\" type=\"text\" name=\"your-lastname\" \/><\/span>\n<\/p>\n<p>E-Mail-Adresse *\n<\/p>\n<p><span class=\"wpcf7-form-control-wrap\" data-name=\"your-email\"><input size=\"40\" maxlength=\"400\" class=\"wpcf7-form-control wpcf7-email wpcf7-validates-as-required wpcf7-text wpcf7-validates-as-email\" aria-required=\"true\" aria-invalid=\"false\" placeholder=\"Email-Adresse\" value=\"\" type=\"email\" name=\"your-email\" \/><\/span>\n<\/p>\n<p>Telefon\n<\/p>\n<p><span class=\"wpcf7-form-control-wrap\" data-name=\"telephone\"><input size=\"40\" maxlength=\"400\" class=\"wpcf7-form-control wpcf7-tel wpcf7-text wpcf7-validates-as-tel\" aria-invalid=\"false\" placeholder=\"Telefon\" value=\"\" type=\"tel\" name=\"telephone\" \/><\/span>\n<\/p>\n<p>Deine Nachricht *\n<\/p>\n<p><span class=\"wpcf7-form-control-wrap\" data-name=\"your-subject\"><input size=\"40\" maxlength=\"400\" class=\"wpcf7-form-control wpcf7-text wpcf7-validates-as-required\" aria-required=\"true\" aria-invalid=\"false\" placeholder=\"Betreff\" value=\"\" type=\"text\" name=\"your-subject\" \/><\/span>\n<\/p>\n<p><span class=\"wpcf7-form-control-wrap\" data-name=\"your-message\"><textarea cols=\"40\" rows=\"10\" maxlength=\"2000\" class=\"wpcf7-form-control wpcf7-textarea wpcf7-validates-as-required\" aria-required=\"true\" aria-invalid=\"false\" placeholder=\"Nachricht\" name=\"your-message\"><\/textarea><\/span>\n<\/p>\n<p><span class=\"wpcf7-form-control-wrap\" data-name=\"checkbox-873\"><span class=\"wpcf7-form-control wpcf7-checkbox wpcf7-validates-as-required\"><span class=\"wpcf7-list-item first last\"><input type=\"checkbox\" name=\"checkbox-873[]\" value=\"Ich habe die Datenschutzerkl\u00e4rung gelesen und gebe mein Einverst\u00e4ndnis, dass meine \u00fcbermittelten Daten zum Zweck der Kontaktaufnahme verwendet werden.\" \/><span class=\"wpcf7-list-item-label\">Ich habe die Datenschutzerkl\u00e4rung gelesen und gebe mein Einverst\u00e4ndnis, dass meine \u00fcbermittelten Daten zum Zweck der Kontaktaufnahme verwendet werden.<\/span><\/span><\/span><\/span>\n<\/p>\n<p><a href=\"https:\/\/www.maxbrumbergflutes.eu\/datenschutzerklaerung\/\" title=\"Datenschutzerkl\u00e4rung in neuem Tab \u00f6ffnen\" target=\"_blank\">zur Datenschutzerkl\u00e4rung<\/a>\n<\/p>\n<p><div class=\"cf7-cf-turnstile\" style=\"margin-top: 0px; margin-bottom: -15px;\"> <div id=\"cf-turnstile-cf7-829182656\" class=\"cf-turnstile\" data-sitekey=\"0x4AAAAAAADBm7FJniSFkuQj\" data-theme=\"light\" data-language=\"auto\" data-size=\"\" data-retry=\"auto\" data-retry-interval=\"1000\" data-refresh-expired=\"auto\" data-refresh-timeout=\"auto\" data-action=\"contact-form-7\" data-callback=\"turnstileCF7Callback\" data-appearance=\"always\"><\/div> <script>document.addEventListener(\"DOMContentLoaded\", function() { setTimeout(function(){ var e=document.getElementById(\"cf-turnstile-cf7-829182656\"); if(e&&!e.innerHTML.trim()){turnstile.render(e, {sitekey:\"0x4AAAAAAADBm7FJniSFkuQj\"});} }, 200); });<\/script> <br class=\"cf-turnstile-br cf-turnstile-br-cf7-829182656\"> <style>#cf-turnstile-cf7-829182656 { margin-left: -15px; }<\/style> <script>document.addEventListener(\"DOMContentLoaded\",function(){document.querySelectorAll('.wpcf7-form').forEach(function(e){e.addEventListener('submit',function(){if(document.getElementById('cf-turnstile-cf7-829182656')){setTimeout(function(){turnstile.reset('#cf-turnstile-cf7-829182656');},1000)}})})});<\/script> <\/div>\n<\/p>\n<p><input class=\"wpcf7-form-control wpcf7-submit has-spinner\" type=\"submit\" value=\"Senden\" \/>\n<\/p><div class=\"wpcf7-response-output\" aria-hidden=\"true\"><\/div>\n<\/form>\n<\/div>\n<\/div>\n\t\t<\/div><\/div><\/div><\/div>","protected":false},"excerpt":{"rendered":"<p>Senden Sie mir eine Anfrage zu ihrer Wunschfl\u00f6te mit Hilfe meines Kontaktformulars, siehe unten. Wenn Sie nicht genau wissen wie die Fl\u00f6te sein soll berate ich Sie gerne. Einige Fl\u00f6ten habe ich auf Lager, ansonsten baue ich nach Ihrem Wunsch. Die aktuellen Lieferzeiten teile ich Ihnen gerne mit. Eine aktuelle Preisliste sende ich Ihnen auf [&hellip;]<\/p>\n","protected":false},"author":1,"featured_media":0,"parent":0,"menu_order":0,"comment_status":"closed","ping_status":"closed","template":"templates\/template-full-notitle.php","meta":{"footnotes":""},"class_list":["post-4056","page","type-page","status-publish","hentry","post"],"aioseo_notices":[],"_links":{"self":[{"href":"https:\/\/www.maxbrumbergflutes.eu\/de\/wp-json\/wp\/v2\/pages\/4056","targetHints":{"allow":["GET"]}}],"collection":[{"href":"https:\/\/www.maxbrumbergflutes.eu\/de\/wp-json\/wp\/v2\/pages"}],"about":[{"href":"https:\/\/www.maxbrumbergflutes.eu\/de\/wp-json\/wp\/v2\/types\/page"}],"author":[{"embeddable":true,"href":"https:\/\/www.maxbrumbergflutes.eu\/de\/wp-json\/wp\/v2\/users\/1"}],"replies":[{"embeddable":true,"href":"https:\/\/www.maxbrumbergflutes.eu\/de\/wp-json\/wp\/v2\/comments?post=4056"}],"version-history":[{"count":2,"href":"https:\/\/www.maxbrumbergflutes.eu\/de\/wp-json\/wp\/v2\/pages\/4056\/revisions"}],"predecessor-version":[{"id":16870,"href":"https:\/\/www.maxbrumbergflutes.eu\/de\/wp-json\/wp\/v2\/pages\/4056\/revisions\/16870"}],"wp:attachment":[{"href":"https:\/\/www.maxbrumbergflutes.eu\/de\/wp-json\/wp\/v2\/media?parent=4056"}],"curies":[{"name":"wp","href":"https:\/\/api.w.org\/{rel}","templated":true}]}}