{"id":3408,"date":"2014-07-23T22:38:57","date_gmt":"2014-07-23T20:38:57","guid":{"rendered":"https:\/\/www.maxbrumbergflutes.eu\/?page_id=3408"},"modified":"2022-01-26T00:47:10","modified_gmt":"2022-01-25T22:47:10","slug":"newsletter","status":"publish","type":"page","link":"https:\/\/www.maxbrumbergflutes.eu\/de\/newsletter\/","title":{"rendered":"Newsletter"},"content":{"rendered":"<div id=\"pl-3408\"  class=\"panel-layout\" ><div id=\"pg-3408-0\"  class=\"panel-grid panel-no-style\" ><div id=\"pgc-3408-0-0\"  class=\"panel-grid-cell panel-grid-cell-mobile-last\" ><div id=\"panel-3408-0-0-0\" class=\"widget_text so-panel widget widget_custom_html panel-first-child panel-last-child\" data-index=\"0\" ><h3 class=\"widget-title\">hier k\u00f6nnen Sie sich f\u00fcr meinen Newsletter anmelden<\/h3><div class=\"textwidget custom-html-widget\"><!-- Begin Mailchimp Signup Form -->\n<link href=\"\/\/cdn-images.mailchimp.com\/embedcode\/classic-10_7.css\" rel=\"stylesheet\" type=\"text\/css\"\/>\n<style type=\"text\/css\">\n\t#mc_embed_signup{background:#fff; clear:left; font:14px Helvetica,Arial,sans-serif; }\n\t\/* Add your own Mailchimp form style overrides in your site stylesheet or in this style block.\n\t   We recommend moving this block and the preceding CSS link to the HEAD of your HTML file. *\/\n<\/style>\n<style type=\"text\/css\">\n\t#mc-embedded-subscribe-form input[type=checkbox]{display: inline; width: auto;margin-right: 10px;}\n\t#mergeRow-gdpr {margin-top: 20px;}\n\t#mergeRow-gdpr fieldset label {font-weight: normal;}\n\t#mc-embedded-subscribe-form .mc_fieldset{border:none;min-height: 0px;padding-bottom:0px;}\n<\/style>\n<div id=\"mc_embed_signup\">\n<form action=\"https:\/\/maxbrumbergflutes.us20.list-manage.com\/subscribe\/post?u=3ac4e6ddd96119d572ce3ab86&amp;id=76ab1b4c5b\" method=\"post\" id=\"mc-embedded-subscribe-form\" name=\"mc-embedded-subscribe-form\" class=\"validate\" target=\"_blank\" novalidate>\n    <div id=\"mc_embed_signup_scroll\">\n\t<h2>Subscribe<\/h2>\n<div class=\"indicates-required\"><span class=\"asterisk\">*<\/span> Angaben erforderlich<\/div>\n<div class=\"mc-field-group\">\n\t<label for=\"mce-EMAIL\">Email-Addresse  <span class=\"asterisk\">*<\/span>\n<\/label>\n\t<input type=\"email\" value=\"\" name=\"EMAIL\" class=\"required email\" id=\"mce-EMAIL\"\/>\n<\/div>\n<div class=\"mc-field-group\">\n\t<label for=\"mce-FNAME\">Vorname <\/label>\n\t<input type=\"text\" value=\"\" name=\"FNAME\" class=\"\" id=\"mce-FNAME\"\/>\n<\/div>\n<div class=\"mc-field-group\">\n\t<label for=\"mce-LNAME\">Nachname <\/label>\n\t<input type=\"text\" value=\"\" name=\"LNAME\" class=\"\" id=\"mce-LNAME\"\/>\n<\/div>\n<div id=\"mergeRow-gdpr\" class=\"mergeRow gdpr-mergeRow content__gdprBlock mc-field-group\">\n    <div class=\"content__gdpr\">\n        <label>Marketing Erlaubnisse<\/label>\n        <p>Bitte w\u00e4hlen Sie, auf welchem Wege maxbrumbergflutes.eu Sie kontaktieren darf :<\/p>\n        <fieldset class=\"mc_fieldset gdprRequired mc-field-group\" name=\"interestgroup_field\">\n\t\t<label class=\"checkbox subfield\" for=\"gdpr_18837\"><input type=\"checkbox\" id=\"gdpr_18837\" name=\"gdpr[18837]\" value=\"Y\" class=\"av-checkbox \"\/><span>Email<\/span> <\/label>\n        <\/fieldset>\n        <p>Sie k\u00f6nnen sich jederzeit aus dem Newsletter-Verteiler austragen, indem Sie den Link im Fu\u00df der Emails klicken. F\u00fcr weitere Informationen lesen Sie bitte die <a href=\"https:\/\/www.maxbrumbergflutes.eu\/datenschutzerklaerung\/\" target=\"_blank\" title=\"Datenschutzerkl\u00e4rung\">Datenschutzerkl\u00e4rung<\/a> auf dieser Seite.<\/p>\n    <\/div>\n    <div class=\"content__gdprLegal\">\n        <p>Wir nutzen Mailchimp f\u00fcr die Newsletterverteilung. Durch klicken auf \"Bestellen\" akzeptieren Sie, dass Ihre Informationen zur Nutzung an Mailchimp \u00fcbertragen werden <a href=\"https:\/\/mailchimp.com\/legal\/\" target=\"_blank\">Erfahren Sie hier mehr \u00fcber Mailchimp's Datenschutzpraxis.<\/a><\/p>\n    <\/div>\n<\/div>\n\t<div id=\"mce-responses\" class=\"clear\">\n\t\t<div class=\"response\" id=\"mce-error-response\" style=\"display:none\"><\/div>\n\t\t<div class=\"response\" id=\"mce-success-response\" style=\"display:none\"><\/div>\n\t<\/div>    <!-- real people should not fill this in and expect good things - do not remove this or risk form bot signups-->\n    <div style=\"position: absolute; left: -5000px;\" aria-hidden=\"true\"><input type=\"text\" name=\"b_184a108e376a4555e29d85543_07bd5f7602\" tabindex=\"-1\" value=\"\"\/><\/div>\n    <div class=\"clear\"><input type=\"submit\" value=\"Bestellen\" name=\"subscribe\" id=\"mc-embedded-subscribe\" class=\"button\"\/><\/div>\n    <\/div>\n<\/form>\n<\/div>\n<script type='text\/javascript' src='\/\/s3.amazonaws.com\/downloads.mailchimp.com\/js\/mc-validate.js'><\/script><script type='text\/javascript'>(function($) {window.fnames = new Array(); window.ftypes = new Array();fnames[0]='EMAIL';ftypes[0]='email';fnames[1]='FNAME';ftypes[1]='text';fnames[2]='LNAME';ftypes[2]='text';fnames[4]='PHONE';ftypes[4]='phone';fnames[3]='MMERGE3';ftypes[3]='text';}(jQuery));var $mcj = jQuery.noConflict(true);<\/script>\n<!--End mc_embed_signup--><\/div><\/div><\/div><div id=\"pgc-3408-0-1\"  class=\"panel-grid-cell panel-grid-cell-empty\" ><\/div><\/div><\/div>","protected":false},"excerpt":{"rendered":"<p>hier k\u00f6nnen Sie sich f\u00fcr meinen Newsletter anmelden Subscribe * Angaben erforderlich Email-Addresse * Vorname Nachname Marketing Erlaubnisse Bitte w\u00e4hlen Sie, auf welchem Wege maxbrumbergflutes.eu Sie kontaktieren darf : Email Sie k\u00f6nnen sich jederzeit aus dem Newsletter-Verteiler austragen, indem Sie den Link im Fu\u00df der Emails klicken. F\u00fcr weitere Informationen lesen Sie bitte die Datenschutzerkl\u00e4rung [&hellip;]<\/p>\n","protected":false},"author":3,"featured_media":0,"parent":0,"menu_order":0,"comment_status":"closed","ping_status":"closed","template":"templates\/template-full.php","meta":{"footnotes":""},"class_list":["post-3408","page","type-page","status-publish","hentry","post"],"aioseo_notices":[],"_links":{"self":[{"href":"https:\/\/www.maxbrumbergflutes.eu\/de\/wp-json\/wp\/v2\/pages\/3408","targetHints":{"allow":["GET"]}}],"collection":[{"href":"https:\/\/www.maxbrumbergflutes.eu\/de\/wp-json\/wp\/v2\/pages"}],"about":[{"href":"https:\/\/www.maxbrumbergflutes.eu\/de\/wp-json\/wp\/v2\/types\/page"}],"author":[{"embeddable":true,"href":"https:\/\/www.maxbrumbergflutes.eu\/de\/wp-json\/wp\/v2\/users\/3"}],"replies":[{"embeddable":true,"href":"https:\/\/www.maxbrumbergflutes.eu\/de\/wp-json\/wp\/v2\/comments?post=3408"}],"version-history":[{"count":3,"href":"https:\/\/www.maxbrumbergflutes.eu\/de\/wp-json\/wp\/v2\/pages\/3408\/revisions"}],"predecessor-version":[{"id":12640,"href":"https:\/\/www.maxbrumbergflutes.eu\/de\/wp-json\/wp\/v2\/pages\/3408\/revisions\/12640"}],"wp:attachment":[{"href":"https:\/\/www.maxbrumbergflutes.eu\/de\/wp-json\/wp\/v2\/media?parent=3408"}],"curies":[{"name":"wp","href":"https:\/\/api.w.org\/{rel}","templated":true}]}}