{"id":247,"date":"2014-03-25T15:50:14","date_gmt":"2014-03-25T13:50:14","guid":{"rendered":"http:\/\/obertonfloete.de\/wordpress\/?page_id=247"},"modified":"2024-04-07T12:46:24","modified_gmt":"2024-04-07T10:46:24","slug":"start","status":"publish","type":"page","link":"https:\/\/www.maxbrumbergflutes.eu\/de\/","title":{"rendered":"Start"},"content":{"rendered":"<div id=\"pl-247\"  class=\"panel-layout\" ><div id=\"pg-247-0\"  class=\"panel-grid panel-no-style\" ><div id=\"pgc-247-0-0\"  class=\"panel-grid-cell\" ><div id=\"panel-247-0-0-0\" class=\"so-panel widget widget_sow-slider panel-first-child panel-last-child\" data-index=\"0\" ><div\n\t\t\t\n\t\t\tclass=\"so-widget-sow-slider so-widget-sow-slider-default-084809aba748-247\"\n\t\t\t\n\t\t>\t\t\t\t<div class=\"sow-slider-base\" style=\"display: none\" tabindex=\"0\">\n\t\t\t\t\t<ul\n\t\t\t\t\tclass=\"sow-slider-images\"\n\t\t\t\t\tdata-settings=\"{&quot;pagination&quot;:true,&quot;speed&quot;:800,&quot;timeout&quot;:2000,&quot;paused&quot;:false,&quot;pause_on_hover&quot;:false,&quot;swipe&quot;:true,&quot;nav_always_show_desktop&quot;:&quot;&quot;,&quot;nav_always_show_mobile&quot;:&quot;&quot;,&quot;breakpoint&quot;:&quot;780px&quot;,&quot;unmute&quot;:false,&quot;anchor&quot;:null}\"\n\t\t\t\t\t\t\t\t\t\tdata-anchor-id=\"\"\n\t\t\t\t>\t\t<li class=\"sow-slider-image\" style=\"visibility: visible;\" >\n\t\t\t\t\t\t<div class=\"sow-slider-image-container\">\n\t\t\t\t<div class=\"sow-slider-image-wrapper\" style=\"max-width: 1024px\">\n\t\t\t\t\t\t\t\t\t\t<div class=\"sow-slider-image-foreground-wrapper\">\n\t\t\t\t\t\t<img loading=\"lazy\" decoding=\"async\" width=\"1024\" height=\"420\" src=\"https:\/\/www.maxbrumbergflutes.eu\/wp-content\/uploads\/Aulos-Dance2_ban.png\" class=\"sow-slider-foreground-image\" alt=\"Aulos und Tanz\" style=\"\" srcset=\"https:\/\/www.maxbrumbergflutes.eu\/wp-content\/uploads\/Aulos-Dance2_ban.png 1024w, https:\/\/www.maxbrumbergflutes.eu\/wp-content\/uploads\/Aulos-Dance2_ban-300x123.png 300w, https:\/\/www.maxbrumbergflutes.eu\/wp-content\/uploads\/Aulos-Dance2_ban-768x315.png 768w\" sizes=\"auto, (max-width: 1024px) 100vw, 1024px\" \/>\t\t\t\t\t<\/div>\n\t\t\t\t\t\t\t\t\t<\/div>\n\t\t\t<\/div>\n\t\t\t\t\t<\/li>\n\t\t\t\t<li class=\"sow-slider-image\" style=\"visibility: hidden;\" >\n\t\t\t\t\t\t<div class=\"sow-slider-image-container\">\n\t\t\t\t<div class=\"sow-slider-image-wrapper\" style=\"max-width: 1024px\">\n\t\t\t\t\t\t\t\t\t\t<div class=\"sow-slider-image-foreground-wrapper\">\n\t\t\t\t\t\t<img loading=\"lazy\" decoding=\"async\" width=\"1024\" height=\"420\" src=\"https:\/\/www.maxbrumbergflutes.eu\/wp-content\/uploads\/Pydna-Deer-Bone-Aulos.png\" class=\"sow-slider-foreground-image\" alt=\"Pydna Deer Bone Aulos\" style=\"\" srcset=\"https:\/\/www.maxbrumbergflutes.eu\/wp-content\/uploads\/Pydna-Deer-Bone-Aulos.png 1024w, https:\/\/www.maxbrumbergflutes.eu\/wp-content\/uploads\/Pydna-Deer-Bone-Aulos-300x123.png 300w, https:\/\/www.maxbrumbergflutes.eu\/wp-content\/uploads\/Pydna-Deer-Bone-Aulos-768x315.png 768w\" sizes=\"auto, (max-width: 1024px) 100vw, 1024px\" \/>\t\t\t\t\t<\/div>\n\t\t\t\t\t\t\t\t\t<\/div>\n\t\t\t<\/div>\n\t\t\t\t\t<\/li>\n\t\t\t\t<li class=\"sow-slider-image\" style=\"visibility: hidden;\" >\n\t\t\t\t\t\t<div class=\"sow-slider-image-container\">\n\t\t\t\t<div class=\"sow-slider-image-wrapper\" style=\"max-width: 1024px\">\n\t\t\t\t\t\t\t\t\t\t<div class=\"sow-slider-image-foreground-wrapper\">\n\t\t\t\t\t\t<img loading=\"lazy\" decoding=\"async\" width=\"1024\" height=\"420\" src=\"https:\/\/www.maxbrumbergflutes.eu\/wp-content\/uploads\/Poseidonia_at_work_ban.png\" class=\"sow-slider-foreground-image\" alt=\"Poseidonia Aulos in Progress\" style=\"\" srcset=\"https:\/\/www.maxbrumbergflutes.eu\/wp-content\/uploads\/Poseidonia_at_work_ban.png 1024w, https:\/\/www.maxbrumbergflutes.eu\/wp-content\/uploads\/Poseidonia_at_work_ban-300x123.png 300w, https:\/\/www.maxbrumbergflutes.eu\/wp-content\/uploads\/Poseidonia_at_work_ban-768x315.png 768w\" sizes=\"auto, (max-width: 1024px) 100vw, 1024px\" \/>\t\t\t\t\t<\/div>\n\t\t\t\t\t\t\t\t\t<\/div>\n\t\t\t<\/div>\n\t\t\t\t\t<\/li>\n\t\t\t\t<li class=\"sow-slider-image\" style=\"visibility: hidden;\" >\n\t\t\t\t\t\t<div class=\"sow-slider-image-container\">\n\t\t\t\t<div class=\"sow-slider-image-wrapper\" style=\"max-width: 1024px\">\n\t\t\t\t\t\t\t\t\t\t<div class=\"sow-slider-image-foreground-wrapper\">\n\t\t\t\t\t\t<img loading=\"lazy\" decoding=\"async\" width=\"1024\" height=\"420\" src=\"https:\/\/www.maxbrumbergflutes.eu\/wp-content\/uploads\/Reeds_ban.png\" class=\"sow-slider-foreground-image\" alt=\"Aulos Reeds\" style=\"\" srcset=\"https:\/\/www.maxbrumbergflutes.eu\/wp-content\/uploads\/Reeds_ban.png 1024w, https:\/\/www.maxbrumbergflutes.eu\/wp-content\/uploads\/Reeds_ban-300x123.png 300w, https:\/\/www.maxbrumbergflutes.eu\/wp-content\/uploads\/Reeds_ban-768x315.png 768w\" sizes=\"auto, (max-width: 1024px) 100vw, 1024px\" \/>\t\t\t\t\t<\/div>\n\t\t\t\t\t\t\t\t\t<\/div>\n\t\t\t<\/div>\n\t\t\t\t\t<\/li>\n\t\t\t\t<li class=\"sow-slider-image\" style=\"visibility: hidden;\" >\n\t\t\t\t\t\t<div class=\"sow-slider-image-container\">\n\t\t\t\t<div class=\"sow-slider-image-wrapper\" style=\"max-width: 1024px\">\n\t\t\t\t\t\t\t\t\t\t<div class=\"sow-slider-image-foreground-wrapper\">\n\t\t\t\t\t\t<img loading=\"lazy\" decoding=\"async\" width=\"1024\" height=\"420\" src=\"https:\/\/www.maxbrumbergflutes.eu\/wp-content\/uploads\/Icono_ban.png\" class=\"sow-slider-foreground-image\" alt=\"Terracotta bell-krater (bowl for mixing wine and water)\" style=\"\" srcset=\"https:\/\/www.maxbrumbergflutes.eu\/wp-content\/uploads\/Icono_ban.png 1024w, https:\/\/www.maxbrumbergflutes.eu\/wp-content\/uploads\/Icono_ban-300x123.png 300w, https:\/\/www.maxbrumbergflutes.eu\/wp-content\/uploads\/Icono_ban-768x315.png 768w\" sizes=\"auto, (max-width: 1024px) 100vw, 1024px\" \/>\t\t\t\t\t<\/div>\n\t\t\t\t\t\t\t\t\t<\/div>\n\t\t\t<\/div>\n\t\t\t\t\t<\/li>\n\t\t\t\t<li class=\"sow-slider-image\" style=\"visibility: hidden;\" >\n\t\t\t\t\t\t<div class=\"sow-slider-image-container\">\n\t\t\t\t<div class=\"sow-slider-image-wrapper\" style=\"max-width: 1024px\">\n\t\t\t\t\t\t\t\t\t\t<div class=\"sow-slider-image-foreground-wrapper\">\n\t\t\t\t\t\t<img loading=\"lazy\" decoding=\"async\" width=\"1024\" height=\"420\" src=\"https:\/\/www.maxbrumbergflutes.eu\/wp-content\/uploads\/Gina-Waldkauz-slider.jpeg\" class=\"sow-slider-foreground-image\" alt=\"\" style=\"\" srcset=\"https:\/\/www.maxbrumbergflutes.eu\/wp-content\/uploads\/Gina-Waldkauz-slider.jpeg 1024w, https:\/\/www.maxbrumbergflutes.eu\/wp-content\/uploads\/Gina-Waldkauz-slider-300x123.jpeg 300w, https:\/\/www.maxbrumbergflutes.eu\/wp-content\/uploads\/Gina-Waldkauz-slider-768x315.jpeg 768w, https:\/\/www.maxbrumbergflutes.eu\/wp-content\/uploads\/Gina-Waldkauz-slider-600x246.jpeg 600w\" sizes=\"auto, (max-width: 1024px) 100vw, 1024px\" \/>\t\t\t\t\t<\/div>\n\t\t\t\t\t\t\t\t\t<\/div>\n\t\t\t<\/div>\n\t\t\t\t\t<\/li>\n\t\t<\/ul>\t\t\t\t<ol class=\"sow-slider-pagination\">\n\t\t\t\t\t\t\t\t\t\t\t<li><a href=\"#\" data-goto=\"0\" aria-label=\"Display slide 1\"><\/a><\/li>\n\t\t\t\t\t\t\t\t\t\t\t<li><a href=\"#\" data-goto=\"1\" aria-label=\"Display slide 2\"><\/a><\/li>\n\t\t\t\t\t\t\t\t\t\t\t<li><a href=\"#\" data-goto=\"2\" aria-label=\"Display slide 3\"><\/a><\/li>\n\t\t\t\t\t\t\t\t\t\t\t<li><a href=\"#\" data-goto=\"3\" aria-label=\"Display slide 4\"><\/a><\/li>\n\t\t\t\t\t\t\t\t\t\t\t<li><a href=\"#\" data-goto=\"4\" aria-label=\"Display slide 5\"><\/a><\/li>\n\t\t\t\t\t\t\t\t\t\t\t<li><a href=\"#\" data-goto=\"5\" aria-label=\"Display slide 6\"><\/a><\/li>\n\t\t\t\t\t\t\t\t\t<\/ol>\n\n\t\t\t\t<div class=\"sow-slide-nav sow-slide-nav-next\">\n\t\t\t\t\t<a href=\"#\" data-goto=\"next\" aria-label=\"Next slide\" data-action=\"next\">\n\t\t\t\t\t\t<em class=\"sow-sld-icon-thin-right\"><\/em>\n\t\t\t\t\t<\/a>\n\t\t\t\t<\/div>\n\n\t\t\t\t<div class=\"sow-slide-nav sow-slide-nav-prev\">\n\t\t\t\t\t<a href=\"#\" data-goto=\"previous\" aria-label=\"Previous slide\" data-action=\"prev\">\n\t\t\t\t\t\t<em class=\"sow-sld-icon-thin-left\"><\/em>\n\t\t\t\t\t<\/a>\n\t\t\t\t<\/div>\n\t\t\t\t<\/div><\/div><\/div><\/div><\/div><div id=\"pg-247-1\"  class=\"panel-grid panel-no-style\" ><div id=\"pgc-247-1-0\"  class=\"panel-grid-cell panel-grid-cell-empty\" ><\/div><div id=\"pgc-247-1-1\"  class=\"panel-grid-cell panel-grid-cell-mobile-last\" ><div id=\"panel-247-1-1-0\" class=\"so-panel widget widget_sow-editor panel-first-child panel-last-child\" data-index=\"1\" ><div\n\t\t\t\n\t\t\tclass=\"so-widget-sow-editor so-widget-sow-editor-base\"\n\t\t\t\n\t\t>\n<div class=\"siteorigin-widget-tinymce textwidget\">\n\t<p style=\"text-align: center;\">Die Hingabe zum Klang und Musik, Atem und die Liebe zur Natur haben mich zum Fl\u00f6tenbau gef\u00fchrt. Ich lade Sie ein den Kl\u00e4ngen zu lauschen, Bilder zu schauen und meine mit Sorgfalt und Liebe gefertigten Instrumente zu erforschen.<\/p>\n<p style=\"text-align: center;\">Die Materialien wie Holunder, Hasel und Wacholder wurden schon seit Ewigkeiten von Hirten, Reisenden, Barden, Musikern und Gauklern zum klingen gebracht. In dieser alten Tradition habe ich es mir zur Aufgabe gemacht den heutigen Musikern und Klangfreunden ihre Instrumente zu reichen.<\/p>\n<p style=\"text-align: center;\">Jedes so wie die Natur den Ast schuf, individuell und Unikat in seiner Form, durch meine Hand zur Stimme gemacht.<\/p>\n<\/div>\n<\/div><\/div><\/div><div id=\"pgc-247-1-2\"  class=\"panel-grid-cell panel-grid-cell-empty\" ><\/div><\/div><div id=\"pg-247-2\"  class=\"panel-grid panel-no-style\" ><div id=\"pgc-247-2-0\"  class=\"panel-grid-cell panel-grid-cell-empty\" ><\/div><div id=\"pgc-247-2-1\"  class=\"panel-grid-cell panel-grid-cell-mobile-last\" ><div id=\"panel-247-2-1-0\" class=\"so-panel widget widget_sow-image panel-first-child panel-last-child\" data-index=\"2\" ><div\n\t\t\t\n\t\t\tclass=\"so-widget-sow-image so-widget-sow-image-default-8b5b6f678277-247\"\n\t\t\t\n\t\t>\n<div class=\"sow-image-container\">\n\t\t\t<a href=\"https:\/\/youtu.be\/5b1P-C8QrZE\"\n\t\t\ttarget=\"_blank\" rel=\"noopener noreferrer\" \t\t>\n\t\t\t<img \n\tsrc=\"https:\/\/www.maxbrumbergflutes.eu\/wp-content\/uploads\/ImagevideoYTScreenshot.jpg\" width=\"1034\" height=\"437\" srcset=\"https:\/\/www.maxbrumbergflutes.eu\/wp-content\/uploads\/ImagevideoYTScreenshot.jpg 1034w, https:\/\/www.maxbrumbergflutes.eu\/wp-content\/uploads\/ImagevideoYTScreenshot-300x127.jpg 300w, https:\/\/www.maxbrumbergflutes.eu\/wp-content\/uploads\/ImagevideoYTScreenshot-1024x433.jpg 1024w, https:\/\/www.maxbrumbergflutes.eu\/wp-content\/uploads\/ImagevideoYTScreenshot-768x325.jpg 768w, https:\/\/www.maxbrumbergflutes.eu\/wp-content\/uploads\/ImagevideoYTScreenshot-600x254.jpg 600w\" sizes=\"(max-width: 1034px) 100vw, 1034px\" title=\"Imagevideo maxbrumbergflutes.eu\" alt=\"\" \t\tclass=\"so-widget-image\"\/>\n\t\t\t<\/a><\/div>\n\n<\/div><\/div><\/div><div id=\"pgc-247-2-2\"  class=\"panel-grid-cell panel-grid-cell-empty\" ><\/div><\/div><div id=\"pg-247-3\"  class=\"panel-grid panel-no-style\" ><div id=\"pgc-247-3-0\"  class=\"panel-grid-cell panel-grid-cell-empty\" ><\/div><div id=\"pgc-247-3-1\"  class=\"panel-grid-cell\" ><div id=\"panel-247-3-1-0\" class=\"so-panel widget widget_sow-image panel-first-child panel-last-child\" data-index=\"3\" ><div\n\t\t\t\n\t\t\tclass=\"so-widget-sow-image so-widget-sow-image-default-8b5b6f678277-247\"\n\t\t\t\n\t\t>\n<div class=\"sow-image-container\">\n\t\t<img \n\tsrc=\"https:\/\/www.maxbrumbergflutes.eu\/wp-content\/uploads\/hollergemalt.jpg\" width=\"180\" height=\"178\" srcset=\"https:\/\/www.maxbrumbergflutes.eu\/wp-content\/uploads\/hollergemalt.jpg 180w, https:\/\/www.maxbrumbergflutes.eu\/wp-content\/uploads\/hollergemalt-100x100.jpg 100w\" sizes=\"(max-width: 180px) 100vw, 180px\" title=\"Holler gemalt\" alt=\"Holler gemalt\" \t\tclass=\"so-widget-image\"\/>\n\t<\/div>\n\n<\/div><\/div><\/div><div id=\"pgc-247-3-2\"  class=\"panel-grid-cell panel-grid-cell-mobile-last\" ><div id=\"panel-247-3-2-0\" class=\"so-panel widget widget_text panel-first-child panel-last-child\" data-index=\"4\" ><h3 class=\"widget-title\">Holunder<\/h3>\t\t\t<div class=\"textwidget\"><p>K\u00f6stliches F\u00fcllhorn<br \/>\nUnser ganzes Wesen n\u00e4hrend<br \/>\nDu wurzelst im Herzen<br \/>\nDu suchst nach der Seele<br \/>\nDu ber\u00fchrst mit Bescheidenheit<br \/>\nHilf uns, den Gebenden in uns zu finden<br \/>\nAndere n\u00e4hrend und heilend<br \/>\nAus einer \u00fcberlaufenden Quelle<br \/>\nder Gl\u00fcckseligkeit.<br \/>\n(Fred Hageneder &#8211; Geist der B\u00e4ume)<\/p>\n<\/div>\n\t\t<\/div><\/div><div id=\"pgc-247-3-3\"  class=\"panel-grid-cell panel-grid-cell-empty\" ><\/div><\/div><div id=\"pg-247-4\"  class=\"panel-grid panel-no-style\" ><div id=\"pgc-247-4-0\"  class=\"panel-grid-cell\" ><div id=\"panel-247-4-0-0\" class=\"so-panel widget widget_siteorigin-panels-postloop panel-first-child panel-last-child\" data-index=\"5\" ><h3 class=\"widget-title\"><span class=\"vantage-carousel-title\"><span class=\"vantage-carousel-title-text\">Neuigkeiten<\/span><a href=\"#\" class=\"next\" title=\"N\u00e4chster\"><span class=\"vantage-icon-arrow-right\"><\/span><\/a><a href=\"#\" class=\"previous\" title=\"Vorheriger\"><span class=\"vantage-icon-arrow-left\"><\/span><\/a><\/span><\/h3><div class=\"vantage-carousel-wrapper\">\n\n\t\n\t<ul class=\"vantage-carousel\" data-query=\"{&quot;post_status&quot;:&quot;publish&quot;,&quot;posts_per_page&quot;:6,&quot;post_type&quot;:&quot;post&quot;,&quot;date_type&quot;:&quot;specific&quot;,&quot;date_query&quot;:{&quot;after&quot;:&quot;&quot;,&quot;before&quot;:&quot;&quot;,&quot;inclusive&quot;:true},&quot;date_query_relative&quot;:&quot;{\\&quot;from\\&quot;:{\\&quot;value\\&quot;:0,\\&quot;unit\\&quot;:\\&quot;days\\&quot;},\\&quot;to\\&quot;:{\\&quot;value\\&quot;:0,\\&quot;unit\\&quot;:\\&quot;days\\&quot;}}&quot;,&quot;orderby&quot;:&quot;date&quot;,&quot;order&quot;:&quot;DESC&quot;,&quot;post__not_in&quot;:[247,247],&quot;paged&quot;:1,&quot;fields&quot;:&quot;all&quot;,&quot;lazy_load_term_meta&quot;:true}\" data-ajax-url=\"https:\/\/www.maxbrumbergflutes.eu\/wp-admin\/admin-ajax.php\">\n\t\t\t\t\t<li class=\"carousel-entry\">\n\t\t\t\t<div class=\"thumbnail\">\n\t\t\t\t\t\t\t\t\t\t\t\t\t\t\t\t<a href=\"https:\/\/www.maxbrumbergflutes.eu\/de\/making-a-louvre-aulos-new-youtube\/\" style=\"background-image: url(https:\/\/www.maxbrumbergflutes.eu\/wp-content\/uploads\/Screenshot-2024-01-06-180124-272x182.png)\">\n\t\t\t\t\t\t\t<span class=\"sow-overlay\"><\/span>\n\t\t\t\t\t\t<\/a>\n\t\t\t\t\t\t\t\t\t<\/div>\n\t\t\t\t\t\t\t\t<h3><a href=\"https:\/\/www.maxbrumbergflutes.eu\/de\/making-a-louvre-aulos-new-youtube\/\">Making a Louvre Aulos new YouTube<\/a><\/h3>\n\t\t\t<\/li>\n\t\t\t\t\t<li class=\"carousel-entry\">\n\t\t\t\t<div class=\"thumbnail\">\n\t\t\t\t\t\t\t\t\t\t\t\t\t\t\t\t<a href=\"https:\/\/www.maxbrumbergflutes.eu\/de\/aulos-documentary-with-max-on-tv\/\" style=\"background-image: url(https:\/\/www.maxbrumbergflutes.eu\/wp-content\/uploads\/1bfce1bd-960a-477c-8f7a-04acac074e0d-272x182.jpeg)\">\n\t\t\t\t\t\t\t<span class=\"sow-overlay\"><\/span>\n\t\t\t\t\t\t<\/a>\n\t\t\t\t\t\t\t\t\t<\/div>\n\t\t\t\t\t\t\t\t<h3><a href=\"https:\/\/www.maxbrumbergflutes.eu\/de\/aulos-documentary-with-max-on-tv\/\">Aulos Documentary with Max on TV<\/a><\/h3>\n\t\t\t<\/li>\n\t\t\t\t\t<li class=\"carousel-entry\">\n\t\t\t\t<div class=\"thumbnail\">\n\t\t\t\t\t\t\t\t\t\t\t\t\t\t\t\t<a href=\"https:\/\/www.maxbrumbergflutes.eu\/de\/only-auloi-so-far-get-notified\/\" style=\"background-image: url(https:\/\/www.maxbrumbergflutes.eu\/wp-content\/uploads\/VariousAulos-272x182.jpeg)\">\n\t\t\t\t\t\t\t<span class=\"sow-overlay\"><\/span>\n\t\t\t\t\t\t<\/a>\n\t\t\t\t\t\t\t\t\t<\/div>\n\t\t\t\t\t\t\t\t<h3><a href=\"https:\/\/www.maxbrumbergflutes.eu\/de\/only-auloi-so-far-get-notified\/\">Only Auloi for now, get notified when this changes..<\/a><\/h3>\n\t\t\t<\/li>\n\t\t\t\t\t<li class=\"carousel-entry\">\n\t\t\t\t<div class=\"thumbnail\">\n\t\t\t\t\t\t\t\t\t\t\t\t\t\t\t\t<a href=\"https:\/\/www.maxbrumbergflutes.eu\/de\/events-2023\/\" style=\"background-image: url(https:\/\/www.maxbrumbergflutes.eu\/wp-content\/uploads\/ancient-trance-2014-272x182.jpg)\">\n\t\t\t\t\t\t\t<span class=\"sow-overlay\"><\/span>\n\t\t\t\t\t\t<\/a>\n\t\t\t\t\t\t\t\t\t<\/div>\n\t\t\t\t\t\t\t\t<h3><a href=\"https:\/\/www.maxbrumbergflutes.eu\/de\/events-2023\/\">Events 2023 &#8211; meet me and my instruments here<\/a><\/h3>\n\t\t\t<\/li>\n\t\t\t\t\t<li class=\"carousel-entry\">\n\t\t\t\t<div class=\"thumbnail\">\n\t\t\t\t\t\t\t\t\t\t\t\t\t\t\t\t<a href=\"https:\/\/www.maxbrumbergflutes.eu\/de\/new-album-by-archer-tripp-playing-my-kaval-and-chalumeau\/\" style=\"background-image: url(https:\/\/www.maxbrumbergflutes.eu\/wp-content\/uploads\/archer_tripp_perspectives_cover-1-272x182.jpg)\">\n\t\t\t\t\t\t\t<span class=\"sow-overlay\"><\/span>\n\t\t\t\t\t\t<\/a>\n\t\t\t\t\t\t\t\t\t<\/div>\n\t\t\t\t\t\t\t\t<h3><a href=\"https:\/\/www.maxbrumbergflutes.eu\/de\/new-album-by-archer-tripp-playing-my-kaval-and-chalumeau\/\">new Album by Archer &#038; Tripp playing my Kaval and Chalumeau<\/a><\/h3>\n\t\t\t<\/li>\n\t\t\t\t\t<li class=\"carousel-entry\">\n\t\t\t\t<div class=\"thumbnail\">\n\t\t\t\t\t\t\t\t\t\t\t\t\t\t\t\t<a href=\"https:\/\/www.maxbrumbergflutes.eu\/de\/new-series-of-youtube-videos\/\" style=\"background-image: url(https:\/\/www.maxbrumbergflutes.eu\/wp-content\/uploads\/maxaulossecretchapel-272x182.jpg)\">\n\t\t\t\t\t\t\t<span class=\"sow-overlay\"><\/span>\n\t\t\t\t\t\t<\/a>\n\t\t\t\t\t\t\t\t\t<\/div>\n\t\t\t\t\t\t\t\t<h3><a href=\"https:\/\/www.maxbrumbergflutes.eu\/de\/new-series-of-youtube-videos\/\">new series of youtube videos<\/a><\/h3>\n\t\t\t<\/li>\n\t\t\t<\/ul>\n<\/div>\n<\/div><\/div><\/div><\/div>","protected":false},"excerpt":{"rendered":"<p>Die Hingabe zum Klang und Musik, Atem und die Liebe zur Natur haben mich zum Fl\u00f6tenbau gef\u00fchrt. Ich lade Sie ein den Kl\u00e4ngen zu lauschen, Bilder zu schauen und meine mit Sorgfalt und Liebe gefertigten Instrumente zu erforschen. Die Materialien wie Holunder, Hasel und Wacholder wurden schon seit Ewigkeiten von Hirten, Reisenden, Barden, Musikern und [&hellip;]<\/p>\n","protected":false},"author":1,"featured_media":0,"parent":0,"menu_order":0,"comment_status":"closed","ping_status":"open","template":"templates\/template-full-notitle.php","meta":{"footnotes":""},"class_list":["post-247","page","type-page","status-publish","hentry","post"],"aioseo_notices":[],"_links":{"self":[{"href":"https:\/\/www.maxbrumbergflutes.eu\/de\/wp-json\/wp\/v2\/pages\/247","targetHints":{"allow":["GET"]}}],"collection":[{"href":"https:\/\/www.maxbrumbergflutes.eu\/de\/wp-json\/wp\/v2\/pages"}],"about":[{"href":"https:\/\/www.maxbrumbergflutes.eu\/de\/wp-json\/wp\/v2\/types\/page"}],"author":[{"embeddable":true,"href":"https:\/\/www.maxbrumbergflutes.eu\/de\/wp-json\/wp\/v2\/users\/1"}],"replies":[{"embeddable":true,"href":"https:\/\/www.maxbrumbergflutes.eu\/de\/wp-json\/wp\/v2\/comments?post=247"}],"version-history":[{"count":3,"href":"https:\/\/www.maxbrumbergflutes.eu\/de\/wp-json\/wp\/v2\/pages\/247\/revisions"}],"predecessor-version":[{"id":16362,"href":"https:\/\/www.maxbrumbergflutes.eu\/de\/wp-json\/wp\/v2\/pages\/247\/revisions\/16362"}],"wp:attachment":[{"href":"https:\/\/www.maxbrumbergflutes.eu\/de\/wp-json\/wp\/v2\/media?parent=247"}],"curies":[{"name":"wp","href":"https:\/\/api.w.org\/{rel}","templated":true}]}}