{"id":18047,"date":"2025-11-25T16:21:24","date_gmt":"2025-11-25T14:21:24","guid":{"rendered":"https:\/\/www.maxbrumbergflutes.eu\/chalumeau-clariduk\/"},"modified":"2025-11-25T16:28:30","modified_gmt":"2025-11-25T14:28:30","slug":"chalumeau-clariduk","status":"publish","type":"page","link":"https:\/\/www.maxbrumbergflutes.eu\/de\/chalumeau-clariduk\/","title":{"rendered":"Chalumeau &#8211; ClariDuk"},"content":{"rendered":"<div id=\"pl-18047\"  class=\"panel-layout\" ><div id=\"pg-18047-0\"  class=\"panel-grid panel-no-style\" ><div id=\"pgc-18047-0-0\"  class=\"panel-grid-cell\" ><div id=\"panel-18047-0-0-0\" class=\"so-panel widget widget_text panel-first-child panel-last-child\" data-index=\"0\" ><h3 class=\"widget-title\">Die Chalumeau<\/h3>\t\t\t<div class=\"textwidget\"><p>Das Chalumeau ist der Vorl\u00e4ufer der modernen Klarinette. Sein Klang ist weicher und offener als der der Klarinette. Diese moderne Version des Chalumeau verwendet dasselbe Mundst\u00fcck wie die Klarinette, hat neun Tonl\u00f6cher anstelle der acht des historischen Instruments und spielt im zweiten Register, wenn man das Daumenloch leicht \u00f6ffnet.<\/p>\n<\/div>\n\t\t<\/div><\/div><div id=\"pgc-18047-0-1\"  class=\"panel-grid-cell\" ><div id=\"panel-18047-0-1-0\" class=\"so-panel widget widget_sow-image panel-first-child panel-last-child\" data-index=\"1\" ><div\n\t\t\t\n\t\t\tclass=\"so-widget-sow-image so-widget-sow-image-default-8b5b6f678277-18047\"\n\t\t\t\n\t\t>\n<div class=\"sow-image-container\">\n\t\t<img \n\tsrc=\"https:\/\/www.maxbrumbergflutes.eu\/wp-content\/uploads\/Chalumeau2.jpg\" width=\"1500\" height=\"1000\" srcset=\"https:\/\/www.maxbrumbergflutes.eu\/wp-content\/uploads\/Chalumeau2.jpg 1500w, https:\/\/www.maxbrumbergflutes.eu\/wp-content\/uploads\/Chalumeau2-300x200.jpg 300w, https:\/\/www.maxbrumbergflutes.eu\/wp-content\/uploads\/Chalumeau2-1024x683.jpg 1024w, https:\/\/www.maxbrumbergflutes.eu\/wp-content\/uploads\/Chalumeau2-768x512.jpg 768w, https:\/\/www.maxbrumbergflutes.eu\/wp-content\/uploads\/Chalumeau2-272x182.jpg 272w\" sizes=\"(max-width: 1500px) 100vw, 1500px\" title=\"Chalumeaux\" alt=\"\" \t\tclass=\"so-widget-image\"\/>\n\t<\/div>\n\n<\/div><\/div><\/div><\/div><div id=\"pg-18047-1\"  class=\"panel-grid panel-no-style\" ><div id=\"pgc-18047-1-0\"  class=\"panel-grid-cell\" ><div id=\"panel-18047-1-0-0\" class=\"so-panel widget widget_sow-image panel-first-child panel-last-child\" data-index=\"2\" ><div\n\t\t\t\n\t\t\tclass=\"so-widget-sow-image so-widget-sow-image-default-8b5b6f678277-18047\"\n\t\t\t\n\t\t>\n<div class=\"sow-image-container\">\n\t\t<img \n\tsrc=\"https:\/\/www.maxbrumbergflutes.eu\/wp-content\/uploads\/Chalumeau3.jpg\" width=\"1500\" height=\"1000\" srcset=\"https:\/\/www.maxbrumbergflutes.eu\/wp-content\/uploads\/Chalumeau3.jpg 1500w, https:\/\/www.maxbrumbergflutes.eu\/wp-content\/uploads\/Chalumeau3-300x200.jpg 300w, https:\/\/www.maxbrumbergflutes.eu\/wp-content\/uploads\/Chalumeau3-1024x683.jpg 1024w, https:\/\/www.maxbrumbergflutes.eu\/wp-content\/uploads\/Chalumeau3-768x512.jpg 768w, https:\/\/www.maxbrumbergflutes.eu\/wp-content\/uploads\/Chalumeau3-272x182.jpg 272w\" sizes=\"(max-width: 1500px) 100vw, 1500px\" title=\"Chalumeaux\" alt=\"\" \t\tclass=\"so-widget-image\"\/>\n\t<\/div>\n\n<\/div><\/div><\/div><div id=\"pgc-18047-1-1\"  class=\"panel-grid-cell\" ><div id=\"panel-18047-1-1-0\" class=\"so-panel widget widget_text panel-first-child panel-last-child\" data-index=\"3\" >\t\t\t<div class=\"textwidget\"><p>Der Tonumfang betr\u00e4gt je nach K\u00f6nnen des Spielers etwa 2 1\/2 Oktaven.<\/p>\n<p>Es ist aus Olivenholz gefertigt und hat einen klaren und obertonreichen Klang. Gelegentlich fertige ich es auch aus anderen Holzarten an. <\/p>\n<p>Es ist in der Tonart G erh\u00e4ltlich.<\/p>\n<\/div>\n\t\t<\/div><\/div><\/div><div id=\"pg-18047-2\"  class=\"panel-grid panel-no-style\" ><div id=\"pgc-18047-2-0\"  class=\"panel-grid-cell\" ><div id=\"panel-18047-2-0-0\" class=\"so-panel widget widget_text panel-first-child panel-last-child\" data-index=\"4\" >\t\t\t<div class=\"textwidget\"><p>Samantha Archer hat diese wundersch\u00f6ne Demoaufnahme auf einer Chalumeau in G-Dur aus Olivenholz gemacht. Begleitet wird sie von Jaron Tripp am Cajonico. Viel Spa\u00df mit Archer &amp; Tripp!<\/p>\n<\/div>\n\t\t<\/div><\/div><div id=\"pgc-18047-2-1\"  class=\"panel-grid-cell\" ><div id=\"panel-18047-2-1-0\" class=\"so-panel widget widget_media_video panel-first-child panel-last-child\" data-index=\"5\" ><div style=\"width:100%;\" class=\"wp-video\"><video class=\"wp-video-shortcode\" id=\"video-18047-1\" preload=\"metadata\" controls=\"controls\"><source type=\"video\/youtube\" src=\"https:\/\/youtu.be\/nXnh3p2drhI?_=1\" \/><a href=\"https:\/\/youtu.be\/nXnh3p2drhI\">https:\/\/youtu.be\/nXnh3p2drhI<\/a><\/video><\/div><\/div><\/div><div id=\"pgc-18047-2-2\"  class=\"panel-grid-cell\" ><div id=\"panel-18047-2-2-0\" class=\"so-panel widget widget_media_video panel-first-child panel-last-child\" data-index=\"6\" ><div style=\"width:100%;\" class=\"wp-video\"><video class=\"wp-video-shortcode\" id=\"video-18047-2\" preload=\"metadata\" controls=\"controls\"><source type=\"video\/youtube\" src=\"https:\/\/youtu.be\/GQfWlgdja9Q?si=dG4pIAjfzXI4Y47O&#038;_=2\" \/><a href=\"https:\/\/youtu.be\/GQfWlgdja9Q?si=dG4pIAjfzXI4Y47O\">https:\/\/youtu.be\/GQfWlgdja9Q?si=dG4pIAjfzXI4Y47O<\/a><\/video><\/div><\/div><\/div><\/div><div id=\"pg-18047-3\"  class=\"panel-grid panel-no-style\" ><div id=\"pgc-18047-3-0\"  class=\"panel-grid-cell\" ><div id=\"panel-18047-3-0-0\" class=\"so-panel widget widget_text panel-first-child panel-last-child\" data-index=\"7\" ><h3 class=\"widget-title\">Die ClariDuk<\/h3>\t\t\t<div class=\"textwidget\"><p>Das ClariDuk hat einen Klang, der dem der armenischen Duduk sehr \u00e4hnlich ist, und verf\u00fcgt \u00fcber die gleiche Griffweise und Tonlochkonstruktion. Sie wird mit einem modernen Boehm-Klarinettenmundst\u00fcck gespielt und ist daher viel einfacher zu spielen. Die m\u00fchsame Suche nach passenden Rohrbl\u00e4ttern entf\u00e4llt, und es ist weniger Lippen- und Zwerchfelltraining erforderlich, um den wundersch\u00f6nen, sanften Klang des Duduk zu erzeugen.  <\/p>\n<\/div>\n\t\t<\/div><\/div><div id=\"pgc-18047-3-1\"  class=\"panel-grid-cell\" ><div id=\"panel-18047-3-1-0\" class=\"so-panel widget widget_sow-image panel-first-child panel-last-child\" data-index=\"8\" ><div\n\t\t\t\n\t\t\tclass=\"so-widget-sow-image so-widget-sow-image-default-8b5b6f678277-18047\"\n\t\t\t\n\t\t>\n<div class=\"sow-image-container\">\n\t\t<img \n\tsrc=\"https:\/\/www.maxbrumbergflutes.eu\/wp-content\/uploads\/ClariDukAG2.jpg\" width=\"1500\" height=\"1000\" srcset=\"https:\/\/www.maxbrumbergflutes.eu\/wp-content\/uploads\/ClariDukAG2.jpg 1500w, https:\/\/www.maxbrumbergflutes.eu\/wp-content\/uploads\/ClariDukAG2-300x200.jpg 300w, https:\/\/www.maxbrumbergflutes.eu\/wp-content\/uploads\/ClariDukAG2-1024x683.jpg 1024w, https:\/\/www.maxbrumbergflutes.eu\/wp-content\/uploads\/ClariDukAG2-768x512.jpg 768w, https:\/\/www.maxbrumbergflutes.eu\/wp-content\/uploads\/ClariDukAG2-272x182.jpg 272w\" sizes=\"(max-width: 1500px) 100vw, 1500px\" title=\"ClariDuk in A und G\" alt=\"\" \t\tclass=\"so-widget-image\"\/>\n\t<\/div>\n\n<\/div><\/div><\/div><\/div><div id=\"pg-18047-4\"  class=\"panel-grid panel-no-style\" ><div id=\"pgc-18047-4-0\"  class=\"panel-grid-cell\" ><div id=\"panel-18047-4-0-0\" class=\"so-panel widget widget_sow-image panel-first-child panel-last-child\" data-index=\"9\" ><div\n\t\t\t\n\t\t\tclass=\"so-widget-sow-image so-widget-sow-image-default-8b5b6f678277-18047\"\n\t\t\t\n\t\t>\n<div class=\"sow-image-container\">\n\t\t<img \n\tsrc=\"https:\/\/www.maxbrumbergflutes.eu\/wp-content\/uploads\/ClariDukBuchs.jpg\" width=\"1500\" height=\"1284\" srcset=\"https:\/\/www.maxbrumbergflutes.eu\/wp-content\/uploads\/ClariDukBuchs.jpg 1500w, https:\/\/www.maxbrumbergflutes.eu\/wp-content\/uploads\/ClariDukBuchs-300x257.jpg 300w, https:\/\/www.maxbrumbergflutes.eu\/wp-content\/uploads\/ClariDukBuchs-1024x877.jpg 1024w, https:\/\/www.maxbrumbergflutes.eu\/wp-content\/uploads\/ClariDukBuchs-768x657.jpg 768w\" sizes=\"(max-width: 1500px) 100vw, 1500px\" title=\"ClariDuk mit Stimmbirne in Buchsbaumholz\" alt=\"\" \t\tclass=\"so-widget-image\"\/>\n\t<\/div>\n\n<\/div><\/div><\/div><div id=\"pgc-18047-4-1\"  class=\"panel-grid-cell\" ><div id=\"panel-18047-4-1-0\" class=\"so-panel widget widget_text panel-first-child panel-last-child\" data-index=\"10\" >\t\t\t<div class=\"textwidget\"><p>Ich biete das Instrument in A in einer einfachen einteiligen Version sowie in einer Version mit Stimmbirne an.<\/p>\n<\/div>\n\t\t<\/div><\/div><div id=\"pgc-18047-4-2\"  class=\"panel-grid-cell\" ><div id=\"panel-18047-4-2-0\" class=\"so-panel widget widget_sow-image panel-first-child panel-last-child\" data-index=\"11\" ><div\n\t\t\t\n\t\t\tclass=\"so-widget-sow-image so-widget-sow-image-default-8b5b6f678277-18047\"\n\t\t\t\n\t\t>\n<div class=\"sow-image-container\">\n\t\t<img \n\tsrc=\"https:\/\/www.maxbrumbergflutes.eu\/wp-content\/uploads\/ClariDukBuchs2.jpg\" width=\"1500\" height=\"1469\" srcset=\"https:\/\/www.maxbrumbergflutes.eu\/wp-content\/uploads\/ClariDukBuchs2.jpg 1500w, https:\/\/www.maxbrumbergflutes.eu\/wp-content\/uploads\/ClariDukBuchs2-300x294.jpg 300w, https:\/\/www.maxbrumbergflutes.eu\/wp-content\/uploads\/ClariDukBuchs2-1024x1003.jpg 1024w, https:\/\/www.maxbrumbergflutes.eu\/wp-content\/uploads\/ClariDukBuchs2-768x752.jpg 768w\" sizes=\"(max-width: 1500px) 100vw, 1500px\" title=\"ClariDuk in Buchs mit Stimmbirne\" alt=\"ClariDuk in Boxwood with barrel\" \t\tclass=\"so-widget-image\"\/>\n\t<\/div>\n\n<\/div><\/div><\/div><\/div><div id=\"pg-18047-5\"  class=\"panel-grid panel-no-style\" ><div id=\"pgc-18047-5-0\"  class=\"panel-grid-cell\" ><div id=\"panel-18047-5-0-0\" class=\"so-panel widget widget_sow-image panel-first-child panel-last-child\" data-index=\"12\" ><div\n\t\t\t\n\t\t\tclass=\"so-widget-sow-image so-widget-sow-image-default-8b5b6f678277-18047\"\n\t\t\t\n\t\t>\n<div class=\"sow-image-container\">\n\t\t<img \n\tsrc=\"https:\/\/www.maxbrumbergflutes.eu\/wp-content\/uploads\/ClariDukAG.jpg\" width=\"1500\" height=\"1307\" srcset=\"https:\/\/www.maxbrumbergflutes.eu\/wp-content\/uploads\/ClariDukAG.jpg 1500w, https:\/\/www.maxbrumbergflutes.eu\/wp-content\/uploads\/ClariDukAG-300x261.jpg 300w, https:\/\/www.maxbrumbergflutes.eu\/wp-content\/uploads\/ClariDukAG-1024x892.jpg 1024w, https:\/\/www.maxbrumbergflutes.eu\/wp-content\/uploads\/ClariDukAG-768x669.jpg 768w\" sizes=\"(max-width: 1500px) 100vw, 1500px\" title=\"ClariDuk in G\" alt=\"\" \t\tclass=\"so-widget-image\"\/>\n\t<\/div>\n\n<\/div><\/div><\/div><div id=\"pgc-18047-5-1\"  class=\"panel-grid-cell\" ><div id=\"panel-18047-5-1-0\" class=\"so-panel widget widget_text panel-first-child panel-last-child\" data-index=\"13\" >\t\t\t<div class=\"textwidget\"><p>In G ist es nur mit Stimmbirne erh\u00e4ltlich.<\/p>\n<\/div>\n\t\t<\/div><\/div><div id=\"pgc-18047-5-2\"  class=\"panel-grid-cell\" ><div id=\"panel-18047-5-2-0\" class=\"so-panel widget widget_sow-image panel-first-child panel-last-child\" data-index=\"14\" ><div\n\t\t\t\n\t\t\tclass=\"so-widget-sow-image so-widget-sow-image-default-8b5b6f678277-18047\"\n\t\t\t\n\t\t>\n<div class=\"sow-image-container\">\n\t\t<img \n\tsrc=\"https:\/\/www.maxbrumbergflutes.eu\/wp-content\/uploads\/ChaluClari2.jpg\" width=\"1500\" height=\"1000\" srcset=\"https:\/\/www.maxbrumbergflutes.eu\/wp-content\/uploads\/ChaluClari2.jpg 1500w, https:\/\/www.maxbrumbergflutes.eu\/wp-content\/uploads\/ChaluClari2-300x200.jpg 300w, https:\/\/www.maxbrumbergflutes.eu\/wp-content\/uploads\/ChaluClari2-1024x683.jpg 1024w, https:\/\/www.maxbrumbergflutes.eu\/wp-content\/uploads\/ChaluClari2-768x512.jpg 768w, https:\/\/www.maxbrumbergflutes.eu\/wp-content\/uploads\/ChaluClari2-272x182.jpg 272w\" sizes=\"(max-width: 1500px) 100vw, 1500px\" title=\"ClariDuk in verschiedenen H\u00f6lzern\" alt=\"\" \t\tclass=\"so-widget-image\"\/>\n\t<\/div>\n\n<\/div><\/div><\/div><\/div><div id=\"pg-18047-6\"  class=\"panel-grid panel-no-style\" ><div id=\"pgc-18047-6-0\"  class=\"panel-grid-cell\" ><div id=\"panel-18047-6-0-0\" class=\"so-panel widget widget_text panel-first-child\" data-index=\"15\" >\t\t\t<div class=\"textwidget\"><p>Marcin Klysewicz nahm diese wundersch\u00f6ne Demo auf, indem er eine ClariDuk mit Stimmbirne aus Buchsbaum spielte, nur 3 Tage nachdem sein Instrument angekommen war.<\/p>\n<\/div>\n\t\t<\/div><div id=\"panel-18047-6-0-1\" class=\"so-panel widget widget_media_video panel-last-child\" data-index=\"16\" ><div style=\"width:100%;\" class=\"wp-video\"><video class=\"wp-video-shortcode\" id=\"video-18047-3\" preload=\"metadata\" controls=\"controls\"><source type=\"video\/youtube\" src=\"https:\/\/youtu.be\/bFrNe3__jnM?si=B7E5lmKhjAnEUxb7&#038;_=3\" \/><a href=\"https:\/\/youtu.be\/bFrNe3__jnM?si=B7E5lmKhjAnEUxb7\">https:\/\/youtu.be\/bFrNe3__jnM?si=B7E5lmKhjAnEUxb7<\/a><\/video><\/div><\/div><\/div><div id=\"pgc-18047-6-1\"  class=\"panel-grid-cell\" ><div id=\"panel-18047-6-1-0\" class=\"so-panel widget widget_text panel-first-child\" data-index=\"17\" >\t\t\t<div class=\"textwidget\"><p>Eine ClariDuk in A aus Buchsbaumholz, gespielt in einer romanischen Kirche in Frankreich<\/p>\n<\/div>\n\t\t<\/div><div id=\"panel-18047-6-1-1\" class=\"so-panel widget widget_media_video panel-last-child\" data-index=\"18\" ><div style=\"width:100%;\" class=\"wp-video\"><video class=\"wp-video-shortcode\" id=\"video-18047-4\" preload=\"metadata\" controls=\"controls\"><source type=\"video\/youtube\" src=\"https:\/\/youtu.be\/A1OjHl5SwZk?si=U9CV4OifFQr_d4xy&#038;_=4\" \/><a href=\"https:\/\/youtu.be\/A1OjHl5SwZk?si=U9CV4OifFQr_d4xy\">https:\/\/youtu.be\/A1OjHl5SwZk?si=U9CV4OifFQr_d4xy<\/a><\/video><\/div><\/div><\/div><div id=\"pgc-18047-6-2\"  class=\"panel-grid-cell\" ><div id=\"panel-18047-6-2-0\" class=\"so-panel widget widget_text panel-first-child\" data-index=\"19\" >\t\t\t<div class=\"textwidget\"><p>Diese Aufnahme entstand im mobilen Studio von Alexander Ranft mit Gitarre und einem ClariDuk aus Buchsbaumholz. Viel Spa\u00df beim Flug durch die Alpen!<\/p>\n<\/div>\n\t\t<\/div><div id=\"panel-18047-6-2-1\" class=\"so-panel widget widget_media_video panel-last-child\" data-index=\"20\" ><div style=\"width:100%;\" class=\"wp-video\"><video class=\"wp-video-shortcode\" id=\"video-18047-5\" preload=\"metadata\" controls=\"controls\"><source type=\"video\/youtube\" src=\"https:\/\/youtu.be\/LJE3qEpcp-s?si=eZWx7F3HnsndmRYV&#038;_=5\" \/><a href=\"https:\/\/youtu.be\/LJE3qEpcp-s?si=eZWx7F3HnsndmRYV\">https:\/\/youtu.be\/LJE3qEpcp-s?si=eZWx7F3HnsndmRYV<\/a><\/video><\/div><\/div><\/div><\/div><\/div>","protected":false},"excerpt":{"rendered":"<p>Das Chalumeau ist der Vorl\u00e4ufer der modernen Klarinette. Sein Klang ist weicher und offener als der der Klarinette. Diese moderne Version des Chalumeau verwendet dasselbe Mundst\u00fcck wie die Klarinette, hat neun Tonl\u00f6cher anstelle der acht des historischen Instruments und spielt im zweiten Register, wenn man das Daumenloch leicht \u00f6ffnet. Der Tonumfang betr\u00e4gt je nach K\u00f6nnen [&hellip;]<\/p>\n","protected":false},"author":3,"featured_media":0,"parent":0,"menu_order":0,"comment_status":"closed","ping_status":"closed","template":"templates\/template-full.php","meta":{"footnotes":""},"class_list":["post-18047","page","type-page","status-publish","hentry","post"],"aioseo_notices":[],"_links":{"self":[{"href":"https:\/\/www.maxbrumbergflutes.eu\/de\/wp-json\/wp\/v2\/pages\/18047","targetHints":{"allow":["GET"]}}],"collection":[{"href":"https:\/\/www.maxbrumbergflutes.eu\/de\/wp-json\/wp\/v2\/pages"}],"about":[{"href":"https:\/\/www.maxbrumbergflutes.eu\/de\/wp-json\/wp\/v2\/types\/page"}],"author":[{"embeddable":true,"href":"https:\/\/www.maxbrumbergflutes.eu\/de\/wp-json\/wp\/v2\/users\/3"}],"replies":[{"embeddable":true,"href":"https:\/\/www.maxbrumbergflutes.eu\/de\/wp-json\/wp\/v2\/comments?post=18047"}],"version-history":[{"count":1,"href":"https:\/\/www.maxbrumbergflutes.eu\/de\/wp-json\/wp\/v2\/pages\/18047\/revisions"}],"predecessor-version":[{"id":18054,"href":"https:\/\/www.maxbrumbergflutes.eu\/de\/wp-json\/wp\/v2\/pages\/18047\/revisions\/18054"}],"wp:attachment":[{"href":"https:\/\/www.maxbrumbergflutes.eu\/de\/wp-json\/wp\/v2\/media?parent=18047"}],"curies":[{"name":"wp","href":"https:\/\/api.w.org\/{rel}","templated":true}]}}