{"id":1621,"date":"2014-07-13T23:01:24","date_gmt":"2014-07-13T21:01:24","guid":{"rendered":"https:\/\/www.maxbrumbergflutes.eu\/?page_id=1621"},"modified":"2019-12-16T23:47:43","modified_gmt":"2019-12-16T21:47:43","slug":"pflege-der-floete","status":"publish","type":"page","link":"https:\/\/www.maxbrumbergflutes.eu\/de\/werkstatt\/pflege-der-floete\/","title":{"rendered":"Pflege der Fl\u00f6te"},"content":{"rendered":"<div id=\"pl-1621\"  class=\"panel-layout\" ><div id=\"pg-1621-0\"  class=\"panel-grid panel-no-style\" ><div id=\"pgc-1621-0-0\"  class=\"panel-grid-cell\" ><div id=\"panel-1621-0-0-0\" class=\"so-panel widget widget_text panel-first-child panel-last-child\" data-index=\"0\" ><h3 class=\"widget-title\">Die Pflege der Fl\u00f6te ist wichtig, denn eine gut gepflegte Fl\u00f6te h\u00e4lt Ihr ganzes Leben und entwickelt einen immer sch\u00f6neren Klang!<\/h3>\t\t\t<div class=\"textwidget\"><p><strong>Einspielen<\/strong><\/p>\n<p>Jede Fl\u00f6te die neu ist oder l\u00e4nger nicht gespielt wurde sollte eingespielt werden. Wenn die Fl\u00f6te gespielt wird kommt Atem (Luft)Feuchtigkeit in das Instrument, durch langsames Einspielen der Fl\u00f6te verteilt sich diese \u00fcber die ganze Wandst\u00e4rke der Fl\u00f6te. Wird dies nicht beachtet, dehnt sich das innere, feuchte Holz aus, das \u00e4u\u00dfere, trockene Holz tut dies nicht und kann dadurch rei\u00dfen.<br \/>\n\u00d6len Sie Instrumente die lange nicht gespielt wurden bevor Sie sie einspielen. (siehe <em>\u00d6len<\/em>)<br \/>\nDie erste Woche spielen sie das Instrument nicht l\u00e4nger als f\u00fcnf bis zehn Minuten am Tag<br \/>\nDie zweite Woche nicht l\u00e4nger als f\u00fcnfzehn Minuten am Tag.<br \/>\nDanach ist die Fl\u00f6te eingespielt. Wenn Sie die Fl\u00f6te einige Wochen nicht spielen sollte sie wieder Eingespielt werden.. keine Sorge wenn Sie mal einen Tag auslassen \ud83d\ude09<\/p>\n<p><strong>\u00d6len<\/strong><\/p>\n<p>Das \u00d6l sch\u00fctzt die Fl\u00f6te vor Atemfeuchtigkeit und gibt der Innenoberfl\u00e4che eine feinere Struktur. Ansprache und der Klang der Fl\u00f6te werden deutlich besser.<br \/>\nNutzen Sie Mandel- oder Sesam\u00f6l. Auch Senf\u00f6l eignet sich sehr gut, es kann den anderen \u00d6len als Schutz vor Bakterien und Schimmel beigemengt werden. Es sind \u00d6le die im Gegensatz zu den meisten anderen (Speise-)\u00d6len wie Oliven\u00f6l oder Lein\u00f6l nicht verharzen und somit die Fl\u00f6te nicht verkleben.<br \/>\nAchten Sie darauf das beim \u00d6len kein \u00d6l in den Windkanal kommt. Der Block der Fl\u00f6te soll die Atemfeuchtigkeit weiterhin aufnehmen k\u00f6nnen.<br \/>\nbefestigen Sie an einem Draht einen Streifen Tuch mittels einer Drahtschlaufe. Tauchen Sie das Tuch in das \u00d6l, sch\u00fctteln Sie die Tropfen ab und wischen Sie damit zwei-dreimal durch die Fl\u00f6te. Danach wird die Fl\u00f6te aufrecht hingestellt damit das \u00d6l nach unten auslaufen kann und nicht den Windkanal gef\u00e4hrdet.<\/p>\n<p><strong>Verunreinigung im Luftkanal<\/strong><\/p>\n<p>Vorsicht, Luftkanal und Labium sind besonders empfindliche Stellen.<br \/>\nWenn der Luftkanal verunreinigt ist kann das den Klang st\u00f6ren. Um ihn zu reinigen nutzen sie ein zurechtgeschnittenes St\u00fcck d\u00fcnnes Plastik oder Hartpapier, sto\u00dfen sie es vorsichtig durch den Luftkanal.<\/p>\n<\/div>\n\t\t<\/div><\/div><\/div><div id=\"pg-1621-1\"  class=\"panel-grid panel-no-style\" ><div id=\"pgc-1621-1-0\"  class=\"panel-grid-cell\" ><div id=\"panel-1621-1-0-0\" class=\"so-panel widget widget_text panel-first-child panel-last-child\" data-index=\"1\" >\t\t\t<div class=\"textwidget\">Bilder zum \u00d6len folgen<\/div>\n\t\t<\/div><\/div><div id=\"pgc-1621-1-1\"  class=\"panel-grid-cell\" ><div id=\"panel-1621-1-1-0\" class=\"so-panel widget widget_text panel-first-child panel-last-child\" data-index=\"2\" >\t\t\t<div class=\"textwidget\"><\/div>\n\t\t<\/div><\/div><\/div><\/div>","protected":false},"excerpt":{"rendered":"<p>Einspielen Jede Fl\u00f6te die neu ist oder l\u00e4nger nicht gespielt wurde sollte eingespielt werden. Wenn die Fl\u00f6te gespielt wird kommt Atem (Luft)Feuchtigkeit in das Instrument, durch langsames Einspielen der Fl\u00f6te verteilt sich diese \u00fcber die ganze Wandst\u00e4rke der Fl\u00f6te. Wird dies nicht beachtet, dehnt sich das innere, feuchte Holz aus, das \u00e4u\u00dfere, trockene Holz tut [&hellip;]<\/p>\n","protected":false},"author":3,"featured_media":0,"parent":50,"menu_order":0,"comment_status":"closed","ping_status":"closed","template":"templates\/template-full.php","meta":{"footnotes":""},"class_list":["post-1621","page","type-page","status-publish","hentry","post"],"aioseo_notices":[],"_links":{"self":[{"href":"https:\/\/www.maxbrumbergflutes.eu\/de\/wp-json\/wp\/v2\/pages\/1621","targetHints":{"allow":["GET"]}}],"collection":[{"href":"https:\/\/www.maxbrumbergflutes.eu\/de\/wp-json\/wp\/v2\/pages"}],"about":[{"href":"https:\/\/www.maxbrumbergflutes.eu\/de\/wp-json\/wp\/v2\/types\/page"}],"author":[{"embeddable":true,"href":"https:\/\/www.maxbrumbergflutes.eu\/de\/wp-json\/wp\/v2\/users\/3"}],"replies":[{"embeddable":true,"href":"https:\/\/www.maxbrumbergflutes.eu\/de\/wp-json\/wp\/v2\/comments?post=1621"}],"version-history":[{"count":0,"href":"https:\/\/www.maxbrumbergflutes.eu\/de\/wp-json\/wp\/v2\/pages\/1621\/revisions"}],"up":[{"embeddable":true,"href":"https:\/\/www.maxbrumbergflutes.eu\/de\/wp-json\/wp\/v2\/pages\/50"}],"wp:attachment":[{"href":"https:\/\/www.maxbrumbergflutes.eu\/de\/wp-json\/wp\/v2\/media?parent=1621"}],"curies":[{"name":"wp","href":"https:\/\/api.w.org\/{rel}","templated":true}]}}